{"id":58126,"date":"2026-02-18T10:10:42","date_gmt":"2026-02-18T09:10:42","guid":{"rendered":"https:\/\/www.futurebuildbelgium.be\/blog-posts\/"},"modified":"2026-02-18T10:16:55","modified_gmt":"2026-02-18T09:16:55","slug":"blog-posts","status":"publish","type":"page","link":"https:\/\/www.futurebuildbelgium.be\/fr\/blog-posts\/","title":{"rendered":"Blog posts"},"content":{"rendered":"\t\t<div data-elementor-type=\"wp-post\" data-elementor-id=\"58126\" class=\"elementor elementor-58126 elementor-58117\" data-elementor-post-type=\"page\">\n\t\t\t\t<div class=\"elementor-element elementor-element-95a9e16 e-flex e-con-boxed e-con e-parent\" data-id=\"95a9e16\" data-element_type=\"container\" data-settings=\"{&quot;background_background&quot;:&quot;classic&quot;}\">\n\t\t\t\t\t<div class=\"e-con-inner\">\n\t\t<div class=\"elementor-element elementor-element-bf0cdf5 e-con-full e-flex e-con e-child\" data-id=\"bf0cdf5\" data-element_type=\"container\">\n\t\t\t\t<div class=\"elementor-element elementor-element-5ca5329 elementor-widget elementor-widget-heading\" data-id=\"5ca5329\" data-element_type=\"widget\" data-widget_type=\"heading.default\">\n\t\t\t\t<div class=\"elementor-widget-container\">\n\t\t\t\t\t<h1 class=\"elementor-heading-title elementor-size-default\">Blog posts et interviews<\/h1>\t\t\t\t<\/div>\n\t\t\t\t<\/div>\n\t\t\t\t<\/div>\n\t\t<div class=\"elementor-element elementor-element-06a6f55 e-con-full elementor-hidden-mobile e-flex e-con e-child\" data-id=\"06a6f55\" data-element_type=\"container\">\n\t\t\t\t<\/div>\n\t\t<div class=\"elementor-element elementor-element-1fb3bfc e-con-full block-header elementor-hidden-tablet elementor-hidden-mobile e-flex e-con e-child\" data-id=\"1fb3bfc\" data-element_type=\"container\" data-settings=\"{&quot;background_background&quot;:&quot;classic&quot;}\">\n\t\t\t\t<div class=\"elementor-element elementor-element-58068b8 elementor-widget elementor-widget-text-editor\" data-id=\"58068b8\" data-element_type=\"widget\" data-widget_type=\"text-editor.default\">\n\t\t\t\t<div class=\"elementor-widget-container\">\n\t\t\t\t\t\t\t\t\t<p data-start=\"0\" data-end=\"101\">Sur cette page, vous trouverez les articles de blog et les interviews r\u00e9alis\u00e9s \u00e0 l\u2019occasion du salon.<\/p><br><p data-start=\"103\" data-end=\"279\">En tant que salon professionnel de r\u00e9f\u00e9rence pour le secteur de la construction, nous vous proposons des \u00e9changes inspirants avec des experts qui fa\u00e7onnent l\u2019avenir du secteur.<\/p><br><p data-start=\"281\" data-end=\"362\" data-is-last-node=\"\" data-is-only-node=\"\">D\u00e9couvrez les d\u00e9fis, les tendances et les solutions qui transforment l\u2019industrie.<\/p>\t\t\t\t\t\t\t\t<\/div>\n\t\t\t\t<\/div>\n\t\t\t\t<\/div>\n\t\t\t\t\t<\/div>\n\t\t\t\t<\/div>\n\t\t<div class=\"elementor-element elementor-element-1b58d21 e-con-full e-flex e-con e-parent\" data-id=\"1b58d21\" data-element_type=\"container\">\n\t\t<div class=\"elementor-element elementor-element-dfae87f e-con-full e-flex e-con e-child\" data-id=\"dfae87f\" data-element_type=\"container\">\n\t\t<div class=\"elementor-element elementor-element-58ba2d5 e-con-full e-flex e-con e-child\" data-id=\"58ba2d5\" data-element_type=\"container\">\n\t\t\t\t<div class=\"elementor-element elementor-element-f7da491 elementor-widget elementor-widget-heading\" data-id=\"f7da491\" data-element_type=\"widget\" data-widget_type=\"heading.default\">\n\t\t\t\t<div class=\"elementor-widget-container\">\n\t\t\t\t\t<h2 class=\"elementor-heading-title elementor-size-large\">Interview <\/h2>\t\t\t\t<\/div>\n\t\t\t\t<\/div>\n\t\t\t\t<div class=\"elementor-element elementor-element-f903a29 elementor-widget elementor-widget-heading\" data-id=\"f903a29\" data-element_type=\"widget\" data-widget_type=\"heading.default\">\n\t\t\t\t<div class=\"elementor-widget-container\">\n\t\t\t\t\t<h2 class=\"elementor-heading-title elementor-size-medium\">Pourquoi l\u2019avenir du secteur passe par le n\u00e9goce en mat\u00e9riaux de construction<\/h2>\t\t\t\t<\/div>\n\t\t\t\t<\/div>\n\t\t\t\t<div class=\"elementor-element elementor-element-b899fab elementor-widget elementor-widget-text-editor\" data-id=\"b899fab\" data-element_type=\"widget\" data-widget_type=\"text-editor.default\">\n\t\t\t\t<div class=\"elementor-widget-container\">\n\t\t\t\t\t\t\t\t\t<p>La transition durable dans le secteur de la construction est souvent abord\u00e9e sous l\u2019angle de la conception, de la r\u00e9glementation ou de la technologie. Mais selon\u00a0<strong data-start=\"162\" data-end=\"183\">Kathleen Verhelst<\/strong>, pr\u00e9sidente de la\u00a0<strong data-start=\"202\" data-end=\"210\">Fema<\/strong>\u00a0et ambassadrice de\u00a0<strong data-start=\"230\" data-end=\"258\">Futurebuild Belgium 2026<\/strong>, un levier essentiel se situe aussi plus pr\u00e8s du chantier qu\u2019on ne le pense g\u00e9n\u00e9ralement :\u00a0<strong data-start=\"350\" data-end=\"402\">au niveau du n\u00e9goce en mat\u00e9riaux de construction<\/strong>.<\/p>\n\t\t\t\t\t\t\t\t<\/div>\n\t\t\t\t<\/div>\n\t\t\t\t<\/div>\n\t\t\t\t<div class=\"elementor-element elementor-element-101c662 elementor-align-center elementor-tablet-align-center elementor-mobile-align-center elementor-widget__width-auto elementor-widget elementor-widget-button\" data-id=\"101c662\" data-element_type=\"widget\" data-widget_type=\"button.default\">\n\t\t\t\t<div class=\"elementor-widget-container\">\n\t\t\t\t\t\t\t\t\t<div class=\"elementor-button-wrapper\">\n\t\t\t\t\t<a class=\"elementor-button elementor-button-link elementor-size-xs\" href=\"https:\/\/www.futurebuildbelgium.be\/fr\/kathleen-verhelst-pourquoi-lavenir-du-secteur-passe-par-le-negoce-en-materiaux-de-construction\/\" target=\"_blank\">\n\t\t\t\t\t\t<span class=\"elementor-button-content-wrapper\">\n\t\t\t\t\t\t\t\t\t<span class=\"elementor-button-text\">Lisez l\u2019interview complet ici<\/span>\n\t\t\t\t\t<\/span>\n\t\t\t\t\t<\/a>\n\t\t\t\t<\/div>\n\t\t\t\t\t\t\t\t<\/div>\n\t\t\t\t<\/div>\n\t\t\t\t<\/div>\n\t\t<div class=\"elementor-element elementor-element-a7a92ea e-con-full e-flex e-con e-child\" data-id=\"a7a92ea\" data-element_type=\"container\">\n\t\t\t\t<div class=\"elementor-element elementor-element-0dba8cf elementor-widget__width-initial elementor-widget-mobile__width-initial elementor-widget elementor-widget-image\" data-id=\"0dba8cf\" data-element_type=\"widget\" data-widget_type=\"image.default\">\n\t\t\t\t<div class=\"elementor-widget-container\">\n\t\t\t\t\t\t\t\t\t\t\t\t\t\t\t<img fetchpriority=\"high\" decoding=\"async\" width=\"768\" height=\"768\" src=\"https:\/\/easyfairsassets.com\/sites\/314\/2026\/01\/Untitled-design-20-768x768.png\" class=\"attachment-medium_large size-medium_large wp-image-55125\" alt=\"\" srcset=\"https:\/\/easyfairsassets.com\/sites\/314\/2026\/01\/Untitled-design-20-768x768.png 768w, https:\/\/easyfairsassets.com\/sites\/314\/2026\/01\/Untitled-design-20-300x300.png 300w, https:\/\/easyfairsassets.com\/sites\/314\/2026\/01\/Untitled-design-20-150x150.png 150w, https:\/\/easyfairsassets.com\/sites\/314\/2026\/01\/Untitled-design-20.png 1024w\" sizes=\"(max-width: 768px) 100vw, 768px\" \/>\t\t\t\t\t\t\t\t\t\t\t\t\t\t\t<\/div>\n\t\t\t\t<\/div>\n\t\t\t\t<\/div>\n\t\t\t\t<\/div>\n\t\t<div class=\"elementor-element elementor-element-343d6e3 e-con-full e-flex e-con e-parent\" data-id=\"343d6e3\" data-element_type=\"container\">\n\t\t<div class=\"elementor-element elementor-element-989e632 e-con-full e-flex e-con e-child\" data-id=\"989e632\" data-element_type=\"container\">\n\t\t<div class=\"elementor-element elementor-element-7a87d9e e-con-full e-flex e-con e-child\" data-id=\"7a87d9e\" data-element_type=\"container\">\n\t\t\t\t<div class=\"elementor-element elementor-element-d752162 elementor-widget elementor-widget-heading\" data-id=\"d752162\" data-element_type=\"widget\" data-widget_type=\"heading.default\">\n\t\t\t\t<div class=\"elementor-widget-container\">\n\t\t\t\t\t<h2 class=\"elementor-heading-title elementor-size-large\">Interview <\/h2>\t\t\t\t<\/div>\n\t\t\t\t<\/div>\n\t\t\t\t<div class=\"elementor-element elementor-element-3a06504 elementor-widget elementor-widget-heading\" data-id=\"3a06504\" data-element_type=\"widget\" data-widget_type=\"heading.default\">\n\t\t\t\t<div class=\"elementor-widget-container\">\n\t\t\t\t\t<h2 class=\"elementor-heading-title elementor-size-medium\">La durabilit\u00e9 comme levier strat\u00e9gique<\/h2>\t\t\t\t<\/div>\n\t\t\t\t<\/div>\n\t\t\t\t<div class=\"elementor-element elementor-element-8b6d726 elementor-widget elementor-widget-text-editor\" data-id=\"8b6d726\" data-element_type=\"widget\" data-widget_type=\"text-editor.default\">\n\t\t\t\t<div class=\"elementor-widget-container\">\n\t\t\t\t\t\t\t\t\t<p>Selon\u00a0<strong data-start=\"6\" data-end=\"25\">Laurence Gacoin<\/strong>, ambassadrice de Futurebuild Belgium et membre du\u00a0<strong data-start=\"76\" data-end=\"93\">Cordeel Group<\/strong>, la durabilit\u00e9 n\u2019est pas un co\u00fbt suppl\u00e9mentaire, mais un v\u00e9ritable moteur de cr\u00e9ation de valeur.<br data-start=\"190\" data-end=\"193\" \/>\u00c0 l\u2019approche de Futurebuild Belgium, nous avons \u00e9chang\u00e9 avec elle sur la transformation en profondeur que conna\u00eet aujourd\u2019hui le secteur immobilier. De la circularit\u00e9 \u00e0 l\u2019industrialisation, en passant par de nouveaux mod\u00e8les de financement, Laurence Gacoin explique comment, gr\u00e2ce aux bons choix strat\u00e9giques, le secteur peut non seulement construire de mani\u00e8re plus durable, mais aussi renforcer significativement sa comp\u00e9titivit\u00e9.<\/p>\n\t\t\t\t\t\t\t\t<\/div>\n\t\t\t\t<\/div>\n\t\t\t\t<\/div>\n\t\t\t\t<div class=\"elementor-element elementor-element-3dec763 elementor-align-center elementor-tablet-align-center elementor-mobile-align-center elementor-widget__width-auto elementor-widget elementor-widget-button\" data-id=\"3dec763\" data-element_type=\"widget\" data-widget_type=\"button.default\">\n\t\t\t\t<div class=\"elementor-widget-container\">\n\t\t\t\t\t\t\t\t\t<div class=\"elementor-button-wrapper\">\n\t\t\t\t\t<a class=\"elementor-button elementor-button-link elementor-size-xs\" href=\"https:\/\/www.futurebuildbelgium.be\/fr\/laurence-gacoin-sur-la-transformation-durable-du-secteur-immobilier\/\" target=\"_blank\">\n\t\t\t\t\t\t<span class=\"elementor-button-content-wrapper\">\n\t\t\t\t\t\t\t\t\t<span class=\"elementor-button-text\">Lisez l\u2019interview complet ici<\/span>\n\t\t\t\t\t<\/span>\n\t\t\t\t\t<\/a>\n\t\t\t\t<\/div>\n\t\t\t\t\t\t\t\t<\/div>\n\t\t\t\t<\/div>\n\t\t\t\t<\/div>\n\t\t<div class=\"elementor-element elementor-element-157b374 e-con-full e-flex e-con e-child\" data-id=\"157b374\" data-element_type=\"container\">\n\t\t\t\t<div class=\"elementor-element elementor-element-2d34a6d elementor-widget__width-initial elementor-widget-mobile__width-initial elementor-widget elementor-widget-image\" data-id=\"2d34a6d\" data-element_type=\"widget\" data-widget_type=\"image.default\">\n\t\t\t\t<div class=\"elementor-widget-container\">\n\t\t\t\t\t\t\t\t\t\t\t\t\t\t\t<img decoding=\"async\" width=\"768\" height=\"768\" src=\"https:\/\/easyfairsassets.com\/sites\/314\/2025\/11\/Voorbeeld-interview-3-768x768.png\" class=\"attachment-medium_large size-medium_large wp-image-41375\" alt=\"Laurence Gacoin\" srcset=\"https:\/\/easyfairsassets.com\/sites\/314\/2025\/11\/Voorbeeld-interview-3-768x768.png 768w, https:\/\/easyfairsassets.com\/sites\/314\/2025\/11\/Voorbeeld-interview-3-300x300.png 300w, https:\/\/easyfairsassets.com\/sites\/314\/2025\/11\/Voorbeeld-interview-3-150x150.png 150w, https:\/\/easyfairsassets.com\/sites\/314\/2025\/11\/Voorbeeld-interview-3.png 1024w\" sizes=\"(max-width: 768px) 100vw, 768px\" \/>\t\t\t\t\t\t\t\t\t\t\t\t\t\t\t<\/div>\n\t\t\t\t<\/div>\n\t\t\t\t<\/div>\n\t\t\t\t<\/div>\n\t\t<div class=\"elementor-element elementor-element-e29c18a e-con-full e-flex e-con e-parent\" data-id=\"e29c18a\" data-element_type=\"container\">\n\t\t<div class=\"elementor-element elementor-element-c1ecb5b e-con-full e-flex e-con e-child\" data-id=\"c1ecb5b\" data-element_type=\"container\">\n\t\t<div class=\"elementor-element elementor-element-28828a9 e-con-full e-flex e-con e-child\" data-id=\"28828a9\" data-element_type=\"container\">\n\t\t\t\t<div class=\"elementor-element elementor-element-b7b3e2b elementor-widget elementor-widget-heading\" data-id=\"b7b3e2b\" data-element_type=\"widget\" data-widget_type=\"heading.default\">\n\t\t\t\t<div class=\"elementor-widget-container\">\n\t\t\t\t\t<h2 class=\"elementor-heading-title elementor-size-large\">Interview <\/h2>\t\t\t\t<\/div>\n\t\t\t\t<\/div>\n\t\t\t\t<div class=\"elementor-element elementor-element-3ef96ca elementor-widget elementor-widget-heading\" data-id=\"3ef96ca\" data-element_type=\"widget\" data-widget_type=\"heading.default\">\n\t\t\t\t<div class=\"elementor-widget-container\">\n\t\t\t\t\t<h2 class=\"elementor-heading-title elementor-size-medium\">La durabilit\u00e9 ne doit pas forc\u00e9ment co\u00fbter plus cher<\/h2>\t\t\t\t<\/div>\n\t\t\t\t<\/div>\n\t\t\t\t<div class=\"elementor-element elementor-element-b5c223a elementor-widget elementor-widget-text-editor\" data-id=\"b5c223a\" data-element_type=\"widget\" data-widget_type=\"text-editor.default\">\n\t\t\t\t<div class=\"elementor-widget-container\">\n\t\t\t\t\t\t\t\t\t<p>Selon\u00a0<strong data-start=\"6\" data-end=\"26\">Nicolas Bearelle<\/strong>, fondateur de Revive, la durabilit\u00e9 ne doit pas n\u00e9cessairement co\u00fbter plus cher.<br data-start=\"115\" data-end=\"118\" \/>\u00c0 l\u2019approche de Futurebuild Belgium, nous avons rencontr\u00e9 l\u2019un des pionniers les plus engag\u00e9s en mati\u00e8re de durabilit\u00e9 dans le secteur.<br data-start=\"261\" data-end=\"264\" \/>Un esprit visionnaire, d\u00e9j\u00e0 \u00e0 l\u2019\u0153uvre il y a quinze ans, \u00e0 une \u00e9poque o\u00f9 le mot\u00a0<em data-start=\"344\" data-end=\"356\">durabilit\u00e9<\/em>\u00a0\u00e9tait encore peu utilis\u00e9.<br data-start=\"382\" data-end=\"385\" \/>Bearelle explique comment le secteur peut r\u00e9ellement faire la diff\u00e9rence, m\u00eame dans des p\u00e9riodes \u00e9conomiques difficiles.<\/p>\n\t\t\t\t\t\t\t\t<\/div>\n\t\t\t\t<\/div>\n\t\t\t\t<\/div>\n\t\t\t\t<div class=\"elementor-element elementor-element-23465e5 elementor-align-center elementor-tablet-align-center elementor-mobile-align-center elementor-widget__width-auto elementor-widget elementor-widget-button\" data-id=\"23465e5\" data-element_type=\"widget\" data-widget_type=\"button.default\">\n\t\t\t\t<div class=\"elementor-widget-container\">\n\t\t\t\t\t\t\t\t\t<div class=\"elementor-button-wrapper\">\n\t\t\t\t\t<a class=\"elementor-button elementor-button-link elementor-size-xs\" href=\"https:\/\/www.futurebuildbelgium.be\/fr\/le-fondateur-de-revive-nicolas-bearelle-sur-la-construction-durable\/\" target=\"_blank\">\n\t\t\t\t\t\t<span class=\"elementor-button-content-wrapper\">\n\t\t\t\t\t\t\t\t\t<span class=\"elementor-button-text\">Lisez l\u2019interview complet ici<\/span>\n\t\t\t\t\t<\/span>\n\t\t\t\t\t<\/a>\n\t\t\t\t<\/div>\n\t\t\t\t\t\t\t\t<\/div>\n\t\t\t\t<\/div>\n\t\t\t\t<\/div>\n\t\t<div class=\"elementor-element elementor-element-39fce66 e-con-full e-flex e-con e-child\" data-id=\"39fce66\" data-element_type=\"container\">\n\t\t\t\t<div class=\"elementor-element elementor-element-23a6360 elementor-widget__width-initial elementor-widget-mobile__width-initial elementor-widget elementor-widget-image\" data-id=\"23a6360\" data-element_type=\"widget\" data-widget_type=\"image.default\">\n\t\t\t\t<div class=\"elementor-widget-container\">\n\t\t\t\t\t\t\t\t\t\t\t\t\t\t\t<img decoding=\"async\" width=\"768\" height=\"768\" src=\"https:\/\/easyfairsassets.com\/sites\/314\/2025\/01\/Realty-Talks-Instagram-posts-8-768x768.png\" class=\"attachment-medium_large size-medium_large wp-image-22896\" alt=\"Interview Nicolas Bearelle\" srcset=\"https:\/\/easyfairsassets.com\/sites\/314\/2025\/01\/Realty-Talks-Instagram-posts-8-768x768.png 768w, https:\/\/easyfairsassets.com\/sites\/314\/2025\/01\/Realty-Talks-Instagram-posts-8-300x300.png 300w, https:\/\/easyfairsassets.com\/sites\/314\/2025\/01\/Realty-Talks-Instagram-posts-8-1024x1024.png 1024w, https:\/\/easyfairsassets.com\/sites\/314\/2025\/01\/Realty-Talks-Instagram-posts-8-150x150.png 150w, https:\/\/easyfairsassets.com\/sites\/314\/2025\/01\/Realty-Talks-Instagram-posts-8.png 1080w\" sizes=\"(max-width: 768px) 100vw, 768px\" \/>\t\t\t\t\t\t\t\t\t\t\t\t\t\t\t<\/div>\n\t\t\t\t<\/div>\n\t\t\t\t<\/div>\n\t\t\t\t<\/div>\n\t\t<div class=\"elementor-element elementor-element-1b5ea1f e-con-full e-flex e-con e-parent\" data-id=\"1b5ea1f\" data-element_type=\"container\">\n\t\t<div class=\"elementor-element elementor-element-66ec590 e-con-full e-flex e-con e-child\" data-id=\"66ec590\" data-element_type=\"container\">\n\t\t<div class=\"elementor-element elementor-element-2cb27dc e-con-full e-flex e-con e-child\" data-id=\"2cb27dc\" data-element_type=\"container\">\n\t\t\t\t<div class=\"elementor-element elementor-element-93b98b7 elementor-widget elementor-widget-heading\" data-id=\"93b98b7\" data-element_type=\"widget\" data-widget_type=\"heading.default\">\n\t\t\t\t<div class=\"elementor-widget-container\">\n\t\t\t\t\t<h2 class=\"elementor-heading-title elementor-size-large\">Interview <\/h2>\t\t\t\t<\/div>\n\t\t\t\t<\/div>\n\t\t\t\t<div class=\"elementor-element elementor-element-43ace1c elementor-widget elementor-widget-heading\" data-id=\"43ace1c\" data-element_type=\"widget\" data-widget_type=\"heading.default\">\n\t\t\t\t<div class=\"elementor-widget-container\">\n\t\t\t\t\t<h2 class=\"elementor-heading-title elementor-size-medium\">L\u2019avenir du secteur de la construction<\/h2>\t\t\t\t<\/div>\n\t\t\t\t<\/div>\n\t\t\t\t<div class=\"elementor-element elementor-element-15b7093 elementor-widget elementor-widget-text-editor\" data-id=\"15b7093\" data-element_type=\"widget\" data-widget_type=\"text-editor.default\">\n\t\t\t\t<div class=\"elementor-widget-container\">\n\t\t\t\t\t\t\t\t\t<p data-start=\"0\" data-end=\"556\">Le secteur de la construction et celui de l\u2019immobilier traversent une p\u00e9riode difficile.<br data-start=\"92\" data-end=\"95\" \/>L\u2019activit\u00e9 ralentit alors m\u00eame que les d\u00e9fis soci\u00e9taux exigent de construire, r\u00e9nover, d\u00e9construire et reconstruire. Les pr\u00e9occupations autour l\u2019industrie manufacturi\u00e8re sont l\u00e9gitimes, mais l\u2019importance du secteur de la construction est aujourd\u2019hui largement sous-estim\u00e9e. Chacun a int\u00e9r\u00eat \u00e0 acc\u00e9l\u00e9rer l\u2019innovation dans la construction afin de cr\u00e9er une croissance suppl\u00e9mentaire. Pouvoirs publics, construction et immobilier doivent agir ensemble.<\/p>\n<p><\/p>\n<p data-start=\"558\" data-end=\"745\" data-is-last-node=\"\" data-is-only-node=\"\">\u00c0 l\u2019occasion de Futurebuild Belgium, nous avons rencontr\u00e9\u00a0<strong data-start=\"620\" data-end=\"641\">Caroline Deiteren<\/strong>, directrice g\u00e9n\u00e9rale d\u2019Embuild Vlaanderen, pour \u00e9voquer l\u2019avenir du secteur de la construction.<\/p>\n\t\t\t\t\t\t\t\t<\/div>\n\t\t\t\t<\/div>\n\t\t\t\t<\/div>\n\t\t\t\t<div class=\"elementor-element elementor-element-c068d3d elementor-align-center elementor-tablet-align-center elementor-mobile-align-center elementor-widget__width-auto elementor-widget elementor-widget-button\" data-id=\"c068d3d\" data-element_type=\"widget\" data-widget_type=\"button.default\">\n\t\t\t\t<div class=\"elementor-widget-container\">\n\t\t\t\t\t\t\t\t\t<div class=\"elementor-button-wrapper\">\n\t\t\t\t\t<a class=\"elementor-button elementor-button-link elementor-size-xs\" href=\"https:\/\/www.futurebuildbelgium.be\/fr\/interview-caroline-deiteren\/\" target=\"_blank\">\n\t\t\t\t\t\t<span class=\"elementor-button-content-wrapper\">\n\t\t\t\t\t\t\t\t\t<span class=\"elementor-button-text\">Lisez l\u2019interview complet ici<\/span>\n\t\t\t\t\t<\/span>\n\t\t\t\t\t<\/a>\n\t\t\t\t<\/div>\n\t\t\t\t\t\t\t\t<\/div>\n\t\t\t\t<\/div>\n\t\t\t\t<\/div>\n\t\t<div class=\"elementor-element elementor-element-6047b59 e-con-full e-flex e-con e-child\" data-id=\"6047b59\" data-element_type=\"container\">\n\t\t\t\t<div class=\"elementor-element elementor-element-8528143 elementor-widget__width-initial elementor-widget-mobile__width-initial elementor-widget elementor-widget-image\" data-id=\"8528143\" data-element_type=\"widget\" data-widget_type=\"image.default\">\n\t\t\t\t<div class=\"elementor-widget-container\">\n\t\t\t\t\t\t\t\t\t\t\t\t\t\t\t<img loading=\"lazy\" decoding=\"async\" width=\"768\" height=\"768\" src=\"https:\/\/easyfairsassets.com\/sites\/314\/2025\/01\/Realty-Talks-Instagram-posts-13-768x768.png\" class=\"attachment-medium_large size-medium_large wp-image-26732\" alt=\"Caroline Deiteren\" srcset=\"https:\/\/easyfairsassets.com\/sites\/314\/2025\/01\/Realty-Talks-Instagram-posts-13-768x768.png 768w, https:\/\/easyfairsassets.com\/sites\/314\/2025\/01\/Realty-Talks-Instagram-posts-13-300x300.png 300w, https:\/\/easyfairsassets.com\/sites\/314\/2025\/01\/Realty-Talks-Instagram-posts-13-1024x1024.png 1024w, https:\/\/easyfairsassets.com\/sites\/314\/2025\/01\/Realty-Talks-Instagram-posts-13-150x150.png 150w, https:\/\/easyfairsassets.com\/sites\/314\/2025\/01\/Realty-Talks-Instagram-posts-13.png 1080w\" sizes=\"(max-width: 768px) 100vw, 768px\" \/>\t\t\t\t\t\t\t\t\t\t\t\t\t\t\t<\/div>\n\t\t\t\t<\/div>\n\t\t\t\t<\/div>\n\t\t\t\t<\/div>\n\t\t<div class=\"elementor-element elementor-element-2aa3619 e-con-full e-flex e-con e-parent\" data-id=\"2aa3619\" data-element_type=\"container\">\n\t\t<div class=\"elementor-element elementor-element-4a63e72 e-con-full e-flex e-con e-child\" data-id=\"4a63e72\" data-element_type=\"container\">\n\t\t<div class=\"elementor-element elementor-element-a15d172 e-con-full e-flex e-con e-child\" data-id=\"a15d172\" data-element_type=\"container\">\n\t\t\t\t<div class=\"elementor-element elementor-element-94da2a7 elementor-widget elementor-widget-heading\" data-id=\"94da2a7\" data-element_type=\"widget\" data-widget_type=\"heading.default\">\n\t\t\t\t<div class=\"elementor-widget-container\">\n\t\t\t\t\t<h2 class=\"elementor-heading-title elementor-size-large\">Interview <\/h2>\t\t\t\t<\/div>\n\t\t\t\t<\/div>\n\t\t\t\t<div class=\"elementor-element elementor-element-7f037c5 elementor-widget elementor-widget-heading\" data-id=\"7f037c5\" data-element_type=\"widget\" data-widget_type=\"heading.default\">\n\t\t\t\t<div class=\"elementor-widget-container\">\n\t\t\t\t\t<h2 class=\"elementor-heading-title elementor-size-medium\">\u00ab Faisons en sorte que la nature g\u00e9n\u00e8re de la valeur plut\u00f4t que d\u2019\u00eatre uniquement un poste de co\u00fbt \u00bb<\/h2>\t\t\t\t<\/div>\n\t\t\t\t<\/div>\n\t\t\t\t<div class=\"elementor-element elementor-element-141e5f9 elementor-widget elementor-widget-text-editor\" data-id=\"141e5f9\" data-element_type=\"widget\" data-widget_type=\"text-editor.default\">\n\t\t\t\t<div class=\"elementor-widget-container\">\n\t\t\t\t\t\t\t\t\t<p data-start=\"0\" data-end=\"211\">\u00ab Nous ne pouvons pas nous contenter de \u201csaupoudrer de vert\u201d nos b\u00e2timents. Le secteur immobilier dans son ensemble doit cr\u00e9er un v\u00e9ritable impact en repensant les grands projets urbains de mani\u00e8re int\u00e9gr\u00e9e. \u00bb<\/p>\n<p><\/p>\n<p data-start=\"213\" data-end=\"369\" data-is-last-node=\"\" data-is-only-node=\"\">Le paysagiste reconnu\u00a0<strong data-start=\"235\" data-end=\"251\">Steven Delva<\/strong>\u00a0nous offre un aper\u00e7u inspirant de la mani\u00e8re dont l\u2019entrepreneuriat peut redonner \u00e0 la nature son r\u00f4le essentiel.<\/p>\n\t\t\t\t\t\t\t\t<\/div>\n\t\t\t\t<\/div>\n\t\t\t\t<\/div>\n\t\t\t\t<div class=\"elementor-element elementor-element-bd4b6a5 elementor-align-center elementor-tablet-align-center elementor-mobile-align-center elementor-widget__width-auto elementor-widget elementor-widget-button\" data-id=\"bd4b6a5\" data-element_type=\"widget\" data-widget_type=\"button.default\">\n\t\t\t\t<div class=\"elementor-widget-container\">\n\t\t\t\t\t\t\t\t\t<div class=\"elementor-button-wrapper\">\n\t\t\t\t\t<a class=\"elementor-button elementor-button-link elementor-size-xs\" href=\"https:\/\/www.futurebuildbelgium.be\/fr\/faisons-en-sorte-que-la-nature-soit-rentable-au-lieu-de-la-considerer-uniquement-comme-un-cout-interview-steven-delva\/\" target=\"_blank\">\n\t\t\t\t\t\t<span class=\"elementor-button-content-wrapper\">\n\t\t\t\t\t\t\t\t\t<span class=\"elementor-button-text\">Lisez l\u2019interview complet ici<\/span>\n\t\t\t\t\t<\/span>\n\t\t\t\t\t<\/a>\n\t\t\t\t<\/div>\n\t\t\t\t\t\t\t\t<\/div>\n\t\t\t\t<\/div>\n\t\t\t\t<\/div>\n\t\t<div class=\"elementor-element elementor-element-43b783d e-con-full e-flex e-con e-child\" data-id=\"43b783d\" data-element_type=\"container\">\n\t\t\t\t<div class=\"elementor-element elementor-element-0f017ee elementor-widget__width-initial elementor-widget-mobile__width-initial elementor-widget elementor-widget-image\" data-id=\"0f017ee\" data-element_type=\"widget\" data-widget_type=\"image.default\">\n\t\t\t\t<div class=\"elementor-widget-container\">\n\t\t\t\t\t\t\t\t\t\t\t\t\t\t\t<img loading=\"lazy\" decoding=\"async\" width=\"768\" height=\"768\" src=\"https:\/\/easyfairsassets.com\/sites\/314\/2025\/02\/Ontwerp-zonder-titel-70-768x768.png\" class=\"attachment-medium_large size-medium_large wp-image-35894\" alt=\"Steven Delva\" srcset=\"https:\/\/easyfairsassets.com\/sites\/314\/2025\/02\/Ontwerp-zonder-titel-70-768x768.png 768w, https:\/\/easyfairsassets.com\/sites\/314\/2025\/02\/Ontwerp-zonder-titel-70-300x300.png 300w, https:\/\/easyfairsassets.com\/sites\/314\/2025\/02\/Ontwerp-zonder-titel-70-150x150.png 150w, https:\/\/easyfairsassets.com\/sites\/314\/2025\/02\/Ontwerp-zonder-titel-70.png 1024w\" sizes=\"(max-width: 768px) 100vw, 768px\" \/>\t\t\t\t\t\t\t\t\t\t\t\t\t\t\t<\/div>\n\t\t\t\t<\/div>\n\t\t\t\t<\/div>\n\t\t\t\t<\/div>\n\t\t\t\t<\/div>\n\t\t","protected":false},"excerpt":{"rendered":"<p>Articles et blogs sur Futurebuild et la durabilit\u00e9 dans le secteur de la construction<\/p>\n","protected":false},"author":1593,"featured_media":58121,"parent":0,"menu_order":0,"comment_status":"closed","ping_status":"closed","template":"","meta":{"_seopress_robots_primary_cat":"","_seopress_titles_title":"Blog posts - Futurebuild 2026","_seopress_titles_desc":"Articles et blogs sur Futurebuild et la durabilit\u00e9 dans le secteur de la construction","_seopress_robots_index":"","footnotes":""},"class_list":["post-58126","page","type-page","status-publish","has-post-thumbnail","hentry"],"_links":{"self":[{"href":"https:\/\/www.futurebuildbelgium.be\/fr\/wp-json\/wp\/v2\/pages\/58126","targetHints":{"allow":["GET"]}}],"collection":[{"href":"https:\/\/www.futurebuildbelgium.be\/fr\/wp-json\/wp\/v2\/pages"}],"about":[{"href":"https:\/\/www.futurebuildbelgium.be\/fr\/wp-json\/wp\/v2\/types\/page"}],"author":[{"embeddable":true,"href":"https:\/\/www.futurebuildbelgium.be\/fr\/wp-json\/wp\/v2\/users\/1593"}],"replies":[{"embeddable":true,"href":"https:\/\/www.futurebuildbelgium.be\/fr\/wp-json\/wp\/v2\/comments?post=58126"}],"version-history":[{"count":1,"href":"https:\/\/www.futurebuildbelgium.be\/fr\/wp-json\/wp\/v2\/pages\/58126\/revisions"}],"predecessor-version":[{"id":58127,"href":"https:\/\/www.futurebuildbelgium.be\/fr\/wp-json\/wp\/v2\/pages\/58126\/revisions\/58127"}],"wp:featuredmedia":[{"embeddable":true,"href":"https:\/\/www.futurebuildbelgium.be\/fr\/wp-json\/wp\/v2\/media\/58121"}],"wp:attachment":[{"href":"https:\/\/www.futurebuildbelgium.be\/fr\/wp-json\/wp\/v2\/media?parent=58126"}],"curies":[{"name":"wp","href":"https:\/\/api.w.org\/{rel}","templated":true}]}}