{"id":35900,"date":"2025-02-26T14:04:48","date_gmt":"2025-02-26T13:04:48","guid":{"rendered":"https:\/\/www.futurebuildbelgium.be\/?page_id=35900"},"modified":"2025-02-26T15:15:08","modified_gmt":"2025-02-26T14:15:08","slug":"faisons-en-sorte-que-la-nature-soit-rentable-au-lieu-de-la-considerer-uniquement-comme-un-cout-interview-steven-delva","status":"publish","type":"page","link":"https:\/\/www.futurebuildbelgium.be\/fr\/faisons-en-sorte-que-la-nature-soit-rentable-au-lieu-de-la-considerer-uniquement-comme-un-cout-interview-steven-delva\/","title":{"rendered":"\u00ab\u00a0Faisons en sorte que la nature soit rentable au lieu de la consid\u00e9rer uniquement comme un co\u00fbt\u00a0\u00bb &#8211; Interview Steven Delva"},"content":{"rendered":"\t\t<div data-elementor-type=\"wp-page\" data-elementor-id=\"35900\" class=\"elementor elementor-35900 elementor-35899\" data-elementor-post-type=\"page\">\n\t\t\t\t<div class=\"elementor-element elementor-element-782b949 e-flex e-con-boxed e-con e-parent\" data-id=\"782b949\" data-element_type=\"container\">\n\t\t\t\t\t<div class=\"e-con-inner\">\n\t\t\t\t<div class=\"elementor-element elementor-element-b44a6cc elementor-widget elementor-widget-heading\" data-id=\"b44a6cc\" data-element_type=\"widget\" data-widget_type=\"heading.default\">\n\t\t\t\t<div class=\"elementor-widget-container\">\n\t\t\t\t\t<h1 class=\"elementor-heading-title elementor-size-default\">'Faisons en sorte que la nature soit rentable au lieu de la consid\u00e9rer uniquement comme un co\u00fbt'<\/h1>\t\t\t\t<\/div>\n\t\t\t\t<\/div>\n\t\t\t\t<div class=\"elementor-element elementor-element-148b088 elementor-widget elementor-widget-text-editor\" data-id=\"148b088\" data-element_type=\"widget\" data-widget_type=\"text-editor.default\">\n\t\t\t\t<div class=\"elementor-widget-container\">\n\t\t\t\t\t\t\t\t\t<p data-pm-slice=\"1 1 []\"><strong>\u00ab\u00a0Nous ne devons jamais nous contenter d&rsquo;une simple &lsquo;couche verte&rsquo; sur les b\u00e2timents. C&rsquo;est \u00e0 l&rsquo;ensemble du secteur immobilier de cr\u00e9er un v\u00e9ritable impact en adoptant une approche int\u00e9gr\u00e9e pour les grands projets urbains.\u00a0\u00bb C&rsquo;est ainsi que s&rsquo;exprime Steven Delva, c\u00e9l\u00e8bre architecte paysagiste d&rsquo;origine flamande, qui s&rsquo;est forg\u00e9 une carri\u00e8re internationale avec des bureaux \u00e0 Amsterdam, Stockholm et Anvers. En pr\u00e9lude \u00e0 Futurebuild Belgium, nous avons rencontr\u00e9 cet expert reconnu comme l&rsquo;un des meilleurs dans son domaine. Il nous livre sa vision sur la fa\u00e7on dont l&rsquo;entrepreneuriat peut mettre la nature au service du d\u00e9veloppement immobilier.<\/strong><\/p>\n\t\t\t\t\t\t\t\t<\/div>\n\t\t\t\t<\/div>\n\t\t\t\t\t<\/div>\n\t\t\t\t<\/div>\n\t\t<div class=\"elementor-element elementor-element-2705210 e-flex e-con-boxed e-con e-parent\" data-id=\"2705210\" data-element_type=\"container\">\n\t\t\t\t\t<div class=\"e-con-inner\">\n\t\t<div class=\"elementor-element elementor-element-69cbed7 e-con-full e-flex e-con e-child\" data-id=\"69cbed7\" data-element_type=\"container\">\n\t\t\t\t<div class=\"elementor-element elementor-element-9f40ab9 elementor-widget elementor-widget-image\" data-id=\"9f40ab9\" data-element_type=\"widget\" data-widget_type=\"image.default\">\n\t\t\t\t<div class=\"elementor-widget-container\">\n\t\t\t\t\t\t\t\t\t\t\t\t\t\t\t<img fetchpriority=\"high\" decoding=\"async\" width=\"800\" height=\"1000\" src=\"https:\/\/easyfairsassets.com\/sites\/314\/2025\/02\/FB25_Website_Quote_Steven-Delva2-819x1024.jpg\" class=\"attachment-large size-large wp-image-35906\" alt=\"Steven Delva\" srcset=\"https:\/\/easyfairsassets.com\/sites\/314\/2025\/02\/FB25_Website_Quote_Steven-Delva2-819x1024.jpg 819w, https:\/\/easyfairsassets.com\/sites\/314\/2025\/02\/FB25_Website_Quote_Steven-Delva2-240x300.jpg 240w, https:\/\/easyfairsassets.com\/sites\/314\/2025\/02\/FB25_Website_Quote_Steven-Delva2-768x960.jpg 768w, https:\/\/easyfairsassets.com\/sites\/314\/2025\/02\/FB25_Website_Quote_Steven-Delva2.jpg 960w\" sizes=\"(max-width: 800px) 100vw, 800px\" \/>\t\t\t\t\t\t\t\t\t\t\t\t\t\t\t<\/div>\n\t\t\t\t<\/div>\n\t\t\t\t<\/div>\n\t\t<div class=\"elementor-element elementor-element-86db379 e-con-full e-flex e-con e-child\" data-id=\"86db379\" data-element_type=\"container\">\n\t\t\t\t<div class=\"elementor-element elementor-element-b8de8cb elementor-widget elementor-widget-text-editor\" data-id=\"b8de8cb\" data-element_type=\"widget\" data-widget_type=\"text-editor.default\">\n\t\t\t\t<div class=\"elementor-widget-container\">\n\t\t\t\t\t\t\t\t\t<h3><strong>INTERVIEW avec Steven Delva<\/strong><\/h3>\r\n<p data-pm-slice=\"1 1 []\">Architecte paysagiste chez DELVA<\/p>\r\n<p data-pm-slice=\"1 1 []\">\u00ab\u00a0Tout ne doit pas \u00eatre compliqu\u00e9\u00a0\u00bb, explique Delva. \u00ab\u00a0Pourquoi ne pas utiliser intelligemment les ambitions des promoteurs priv\u00e9s pour r\u00e9soudre des probl\u00e8mes soci\u00e9taux ?\u00a0\u00bb Une philosophie qui trouve ses racines dans son enfance en Flandre-Occidentale, au sein d&rsquo;une famille d&rsquo;agriculteurs. Tr\u00e8s t\u00f4t, il apprend que prendre soin de la terre porte ses fruits : plus le sol est sain, plus les r\u00e9coltes sont abondantes et plus les profits augmentent. Une logique simple mais efficace.<\/p>\r\n<p data-pm-slice=\"1 1 []\">\u00ab\u00a0N&rsquo;importe qui peut ajouter un peu de vert \u00e0 un b\u00e2timent. Moi, je veux cr\u00e9er un impact\u00a0\u00bb, affirme Delva. Et il y parvient. Un exemple r\u00e9cent est le projet SILT \u00e0 Middelkerke, o\u00f9 il a jou\u00e9 un r\u00f4le central dans la conception du nouveau casino. \u00ab\u00a0Nous n&rsquo;avons pas seulement r\u00e9pondu \u00e0 la demande d&rsquo;un casino, mais \u00e9galement \u00e0 un projet de renforcement de la digue. Plut\u00f4t que de construire un casino sur la digue, nous l&rsquo;avons con\u00e7u comme un \u00e9l\u00e9ment permettant d&rsquo;en renforcer la structure. Nous avons ensuite ajout\u00e9 une dune par-dessus. En associant plusieurs enjeux, nous avons augment\u00e9 la s\u00e9curit\u00e9, am\u00e9lior\u00e9 l&rsquo;adaptation climatique, r\u00e9introduit la nature et r\u00e9alis\u00e9 d&rsquo;importantes \u00e9conomies. Tout cela gr\u00e2ce \u00e0 une approche globale, avec un concept fort comme point de d\u00e9part.\u00a0\u00bb<\/p>\t\t\t\t\t\t\t\t<\/div>\n\t\t\t\t<\/div>\n\t\t\t\t<\/div>\n\t\t\t\t\t<\/div>\n\t\t\t\t<\/div>\n\t\t<div class=\"elementor-element elementor-element-3df8fa3 e-flex e-con-boxed e-con e-parent\" data-id=\"3df8fa3\" data-element_type=\"container\">\n\t\t\t\t\t<div class=\"e-con-inner\">\n\t\t\t\t<div class=\"elementor-element elementor-element-e89f49e elementor-widget elementor-widget-text-editor\" data-id=\"e89f49e\" data-element_type=\"widget\" data-widget_type=\"text-editor.default\">\n\t\t\t\t<div class=\"elementor-widget-container\">\n\t\t\t\t\t\t\t\t\t<p data-pm-slice=\"1 1 []\">Un autre exemple frappant est le quartier r\u00e9sidentiel Geestwater \u00e0 Lisse, aux Pays-Bas. Dans cette poldre, 450 logements ont \u00e9t\u00e9 construits sans recours \u00e0 des mat\u00e9riaux on\u00e9reux et sans d\u00e9truire la nature environnante. Au contraire, les habitations ont \u00e9t\u00e9 int\u00e9gr\u00e9es entre zones humides et espaces verts. R\u00e9sultat : un plus grand nombre de logements pour les investisseurs, une r\u00e9duction significative des surfaces imperm\u00e9abilis\u00e9es (et donc des co\u00fbts de construction), la r\u00e9alisation des objectifs en mati\u00e8re de gestion de l&rsquo;eau pour les autorit\u00e9s publiques, et la prise en charge future des terrains par une organisation de protection de la nature.<\/p>\r\n\u00ab\u00a0Il ne s&rsquo;agit jamais uniquement d&rsquo;\u00e9cologie ou uniquement d&rsquo;\u00e9conomie\u00a0\u00bb, souligne l&rsquo;architecte-paysagiste et urbaniste. \u00ab\u00a0Les promoteurs qui int\u00e8grent un peu de verdure uniquement pour obtenir un permis ne vont pas dans la bonne direction. Pas plus que les militants \u00e9cologistes qui voudraient remplacer chaque m\u00e8tre carr\u00e9 de b\u00e9ton par de la v\u00e9g\u00e9tation sans prendre en compte la r\u00e9alit\u00e9 \u00e9conomique. Si nous voulons sauver la plan\u00e8te et cr\u00e9er des cadres de vie agr\u00e9ables pour les humains et les animaux, nous devons faire en sorte que l&rsquo;\u00e9cologie et l&rsquo;\u00e9conomie se renforcent mutuellement.\u00a0\u00bb\r\n\r\nUne ville qui mise sur une v\u00e9ritable int\u00e9gration de la nature &#8211; et non sur du \u00ab\u00a0greenwashing\u00a0\u00bb &#8211; devient plus attractive et redynamise ses quartiers, affirme Delva. Son conseil : concevoir les projets de construction et d&rsquo;investissement en partant du paysage, du sol et de l&rsquo;eau, afin de r\u00e9pondre efficacement \u00e0 plusieurs enjeux soci\u00e9taux \u00e0 la fois. C&rsquo;est \u00e0 cette intersection entre \u00e9cologie et \u00e9conomie que de v\u00e9ritables progr\u00e8s peuvent \u00eatre r\u00e9alis\u00e9s. \u00ab\u00a0Faisons en sorte que la nature soit rentable au lieu de la voir comme une charge. Le bon sens paysan fait partie de la culture des Pays-Bas et de la Belgique. Retrouvons-le, et nous irons loin en tant que soci\u00e9t\u00e9.\u00a0\u00bb\t\t\t\t\t\t\t\t<\/div>\n\t\t\t\t<\/div>\n\t\t\t\t\t<\/div>\n\t\t\t\t<\/div>\n\t\t\t\t<\/div>\n\t\t","protected":false},"excerpt":{"rendered":"<p class=\"MsoNormal\" style=\"text-align: justify;\"><span lang=\"nl\" style=\"font-family: 'Calibri',sans-serif; mso-ascii-theme-font: major-latin; mso-hansi-theme-font: major-latin; mso-bidi-theme-font: major-latin; color: #404040; mso-themecolor: text1; mso-themetint: 191;\">L&rsquo;architecte paysagiste Steven Delva sur l&rsquo;\u00e9quilibre entre \u00e9conomie et \u00e9cologie dans l&rsquo;immobilier<\/span><\/p>\n","protected":false},"author":949,"featured_media":26612,"parent":0,"menu_order":0,"comment_status":"closed","ping_status":"closed","template":"","meta":{"_seopress_robots_primary_cat":"","_seopress_titles_title":"Interview avec Steven Delva sur la v\u00e9g\u00e9talisation des villes","_seopress_titles_desc":"L&#039;architecte paysagiste Steven Delva sur l&#039;\u00e9quilibre entre \u00e9conomie et \u00e9cologie dans l&#039;immobilier","_seopress_robots_index":"","footnotes":""},"class_list":["post-35900","page","type-page","status-publish","has-post-thumbnail","hentry"],"_links":{"self":[{"href":"https:\/\/www.futurebuildbelgium.be\/fr\/wp-json\/wp\/v2\/pages\/35900","targetHints":{"allow":["GET"]}}],"collection":[{"href":"https:\/\/www.futurebuildbelgium.be\/fr\/wp-json\/wp\/v2\/pages"}],"about":[{"href":"https:\/\/www.futurebuildbelgium.be\/fr\/wp-json\/wp\/v2\/types\/page"}],"author":[{"embeddable":true,"href":"https:\/\/www.futurebuildbelgium.be\/fr\/wp-json\/wp\/v2\/users\/949"}],"replies":[{"embeddable":true,"href":"https:\/\/www.futurebuildbelgium.be\/fr\/wp-json\/wp\/v2\/comments?post=35900"}],"version-history":[{"count":4,"href":"https:\/\/www.futurebuildbelgium.be\/fr\/wp-json\/wp\/v2\/pages\/35900\/revisions"}],"predecessor-version":[{"id":35929,"href":"https:\/\/www.futurebuildbelgium.be\/fr\/wp-json\/wp\/v2\/pages\/35900\/revisions\/35929"}],"wp:featuredmedia":[{"embeddable":true,"href":"https:\/\/www.futurebuildbelgium.be\/fr\/wp-json\/wp\/v2\/media\/26612"}],"wp:attachment":[{"href":"https:\/\/www.futurebuildbelgium.be\/fr\/wp-json\/wp\/v2\/media?parent=35900"}],"curies":[{"name":"wp","href":"https:\/\/api.w.org\/{rel}","templated":true}]}}