{"id":3188,"date":"2024-07-01T10:55:23","date_gmt":"2024-07-01T09:55:23","guid":{"rendered":"https:\/\/www.futurebuildbelgium.be\/?page_id=3188"},"modified":"2025-01-07T14:21:17","modified_gmt":"2025-01-07T13:21:17","slug":"technologie-smart-badge","status":"publish","type":"page","link":"https:\/\/www.futurebuildbelgium.be\/fr\/technologie-smart-badge\/","title":{"rendered":"Technologie Smart Badge"},"content":{"rendered":"\t\t<div data-elementor-type=\"wp-page\" data-elementor-id=\"3188\" class=\"elementor elementor-3188 elementor-3187\" data-elementor-post-type=\"page\">\n\t\t\t\t<div class=\"elementor-element elementor-element-7ba2647 e-flex e-con-boxed e-con e-parent\" data-id=\"7ba2647\" data-element_type=\"container\" data-settings=\"{&quot;background_background&quot;:&quot;classic&quot;}\">\n\t\t\t\t\t<div class=\"e-con-inner\">\n\t\t<div class=\"elementor-element elementor-element-f0d05b4 e-con-full e-flex e-con e-child\" data-id=\"f0d05b4\" data-element_type=\"container\">\n\t\t\t\t<div class=\"elementor-element elementor-element-ada8e8f elementor-widget elementor-widget-heading\" data-id=\"ada8e8f\" data-element_type=\"widget\" data-widget_type=\"heading.default\">\n\t\t\t\t<div class=\"elementor-widget-container\">\n\t\t\t\t\t<h1 class=\"elementor-heading-title elementor-size-default\">Technologie Smart Badge<\/h1>\t\t\t\t<\/div>\n\t\t\t\t<\/div>\n\t\t\t\t<\/div>\n\t\t<div class=\"elementor-element elementor-element-1b56b77 e-con-full elementor-hidden-mobile e-flex e-con e-child\" data-id=\"1b56b77\" data-element_type=\"container\">\n\t\t\t\t<\/div>\n\t\t<div class=\"elementor-element elementor-element-a987ddc e-con-full block-header e-flex e-con e-child\" data-id=\"a987ddc\" data-element_type=\"container\" data-settings=\"{&quot;background_background&quot;:&quot;classic&quot;}\">\n\t\t\t\t<div class=\"elementor-element elementor-element-475805e elementor-widget elementor-widget-text-editor\" data-id=\"475805e\" data-element_type=\"widget\" data-widget_type=\"text-editor.default\">\n\t\t\t\t<div class=\"elementor-widget-container\">\n\t\t\t\t\t\t\t\t\t<p>Obtenez <strong>facilement et rapidement<\/strong> des informations pertinentes sur les exposants gr\u00e2ce \u00e0 notre technologie Smart Badge.<\/p>\n<p><strong>Comment utiliser au mieux votre badge visiteur ?<\/strong><br \/>\nSur chaque stand, vous trouverez un ou plusieurs panneaux verts faisant r\u00e9f\u00e9rence \u00e0 \u00ab Badgy \u00bb, la figure de la technologie du badge intelligent. <strong>Vous manifestez de l&rsquo;int\u00e9r\u00eat pour un exposant et ses produits\/services ?<\/strong><br \/>\nTouchez alors le \u00ab lecteur \u00bb du panneau vert avec votre badge visiteur.<\/p>\n<p><strong>Vous avez r\u00e9ussi ?<\/strong> Un signal sonore et le voyant vert sur le \u00ab lecteur \u00bb indiquent que votre action a \u00e9t\u00e9<strong> couronn\u00e9e de succ\u00e8s.<\/strong><\/p>\n<p><strong>Dans les 24 heures, vous recevrez un e-mail<\/strong> contenant toutes les informations et les recommandations possibles.<\/p>\n\t\t\t\t\t\t\t\t<\/div>\n\t\t\t\t<\/div>\n\t\t\t\t<\/div>\n\t\t\t\t\t<\/div>\n\t\t\t\t<\/div>\n\t\t<div class=\"elementor-element elementor-element-cb06b00 e-flex e-con-boxed e-con e-parent\" data-id=\"cb06b00\" data-element_type=\"container\">\n\t\t\t\t\t<div class=\"e-con-inner\">\n\t\t<div class=\"elementor-element elementor-element-074f22b e-con-full e-flex e-con e-child\" data-id=\"074f22b\" data-element_type=\"container\">\n\t\t\t\t<div class=\"elementor-element elementor-element-e1aff72 elementor-widget-mobile__width-initial elementor-position-left elementor-view-default elementor-mobile-position-top elementor-widget elementor-widget-icon-box\" data-id=\"e1aff72\" data-element_type=\"widget\" data-widget_type=\"icon-box.default\">\n\t\t\t\t<div class=\"elementor-widget-container\">\n\t\t\t\t\t\t\t<div class=\"elementor-icon-box-wrapper\">\n\n\t\t\t\t\t\t<div class=\"elementor-icon-box-icon\">\n\t\t\t\t<span  class=\"elementor-icon\">\n\t\t\t\t<i aria-hidden=\"true\" class=\"far fa-id-badge\"><\/i>\t\t\t\t<\/span>\n\t\t\t<\/div>\n\t\t\t\n\t\t\t\t\t\t<div class=\"elementor-icon-box-content\">\n\n\t\t\t\t\t\t\t\t\t<h3 class=\"elementor-icon-box-title\">\n\t\t\t\t\t\t<span  >\n\t\t\t\t\t\t\tLes avantages\t\t\t\t\t\t<\/span>\n\t\t\t\t\t<\/h3>\n\t\t\t\t\n\t\t\t\t\n\t\t\t<\/div>\n\t\t\t\n\t\t<\/div>\n\t\t\t\t\t\t<\/div>\n\t\t\t\t<\/div>\n\t\t\t\t<div class=\"elementor-element elementor-element-80b172d elementor-widget elementor-widget-text-editor\" data-id=\"80b172d\" data-element_type=\"widget\" data-widget_type=\"text-editor.default\">\n\t\t\t\t<div class=\"elementor-widget-container\">\n\t\t\t\t\t\t\t\t\t<ol>\n<li>Votre badge visiteur est <strong>votre fourre-tout virtuel<\/strong> lors de votre visite au salon.<\/li>\n<li>Vous savez exactement quels stands vous avez visit\u00e9s. <strong>Vous recevrez dans les 24 heures un e-mail contenant un aper\u00e7u pratique de votre visite.<\/strong><\/li>\n<li>Pas de spam. Vous ne recevez <strong>que les informations num\u00e9riques des exposants qui vous int\u00e9ressent.<\/strong><\/li>\n<\/ol>\n\t\t\t\t\t\t\t\t<\/div>\n\t\t\t\t<\/div>\n\t\t\t\t<div class=\"elementor-element elementor-element-0861c85 elementor-widget-mobile__width-initial elementor-widget elementor-widget-icon-box\" data-id=\"0861c85\" data-element_type=\"widget\" data-widget_type=\"icon-box.default\">\n\t\t\t\t<div class=\"elementor-widget-container\">\n\t\t\t\t\t\t\t<div class=\"elementor-icon-box-wrapper\">\n\n\t\t\t\n\t\t\t\t\t\t<div class=\"elementor-icon-box-content\">\n\n\t\t\t\t\t\t\t\t\t<h3 class=\"elementor-icon-box-title\">\n\t\t\t\t\t\t<span  >\n\t\t\t\t\t\t\tVoir la vid\u00e9o\t\t\t\t\t\t<\/span>\n\t\t\t\t\t<\/h3>\n\t\t\t\t\n\t\t\t\t\n\t\t\t<\/div>\n\t\t\t\n\t\t<\/div>\n\t\t\t\t\t\t<\/div>\n\t\t\t\t<\/div>\n\t\t\t\t<\/div>\n\t\t<div class=\"elementor-element elementor-element-332295f e-con-full e-flex e-con e-child\" data-id=\"332295f\" data-element_type=\"container\">\n\t\t\t\t<div class=\"elementor-element elementor-element-f7c4f16 elementor-widget elementor-widget-video\" data-id=\"f7c4f16\" data-element_type=\"widget\" data-settings=\"{&quot;youtube_url&quot;:&quot;https:\\\/\\\/www.youtube.com\\\/watch?v=NbqzBCPqnJs&quot;,&quot;video_type&quot;:&quot;youtube&quot;,&quot;controls&quot;:&quot;yes&quot;}\" data-widget_type=\"video.default\">\n\t\t\t\t<div class=\"elementor-widget-container\">\n\t\t\t\t\t\t\t<div class=\"elementor-wrapper elementor-open-inline\">\n\t\t\t<div class=\"elementor-video\"><\/div>\t\t<\/div>\n\t\t\t\t\t\t<\/div>\n\t\t\t\t<\/div>\n\t\t\t\t<\/div>\n\t\t\t\t\t<\/div>\n\t\t\t\t<\/div>\n\t\t\t\t<\/div>\n\t\t","protected":false},"excerpt":{"rendered":"<p>Technologie Smart Badge Obtenez facilement et rapidement des informations pertinentes sur les exposants gr\u00e2ce \u00e0 notre technologie Smart Badge. Comment utiliser au mieux votre badge visiteur ? Sur chaque stand, vous trouverez un ou plusieurs panneaux verts faisant r\u00e9f\u00e9rence \u00e0 \u00ab Badgy \u00bb, la figure de la technologie du badge intelligent. Vous manifestez de l&rsquo;int\u00e9r\u00eat [&hellip;]<\/p>\n","protected":false},"author":1310,"featured_media":0,"parent":0,"menu_order":0,"comment_status":"closed","ping_status":"closed","template":"","meta":{"_seopress_robots_primary_cat":"","_seopress_titles_title":"Technologie Smart Badge - Futurebuild Belgium","_seopress_titles_desc":"Facilitez votre visite au salon gr\u00e2ce \u00e0 notre technologie Smart Badge. Touchez, recevez des informations et profitez d'une exp\u00e9rience de salon sans catalogues lourds ni spams.","_seopress_robots_index":"","footnotes":""},"class_list":["post-3188","page","type-page","status-publish","hentry"],"_links":{"self":[{"href":"https:\/\/www.futurebuildbelgium.be\/fr\/wp-json\/wp\/v2\/pages\/3188","targetHints":{"allow":["GET"]}}],"collection":[{"href":"https:\/\/www.futurebuildbelgium.be\/fr\/wp-json\/wp\/v2\/pages"}],"about":[{"href":"https:\/\/www.futurebuildbelgium.be\/fr\/wp-json\/wp\/v2\/types\/page"}],"author":[{"embeddable":true,"href":"https:\/\/www.futurebuildbelgium.be\/fr\/wp-json\/wp\/v2\/users\/1310"}],"replies":[{"embeddable":true,"href":"https:\/\/www.futurebuildbelgium.be\/fr\/wp-json\/wp\/v2\/comments?post=3188"}],"version-history":[{"count":5,"href":"https:\/\/www.futurebuildbelgium.be\/fr\/wp-json\/wp\/v2\/pages\/3188\/revisions"}],"predecessor-version":[{"id":6501,"href":"https:\/\/www.futurebuildbelgium.be\/fr\/wp-json\/wp\/v2\/pages\/3188\/revisions\/6501"}],"wp:attachment":[{"href":"https:\/\/www.futurebuildbelgium.be\/fr\/wp-json\/wp\/v2\/media?parent=3188"}],"curies":[{"name":"wp","href":"https:\/\/api.w.org\/{rel}","templated":true}]}}