{"id":26636,"date":"2025-01-23T12:02:59","date_gmt":"2025-01-23T11:02:59","guid":{"rendered":"https:\/\/www.futurebuildbelgium.be\/interview-caroline-deiteren\/"},"modified":"2025-01-23T13:16:19","modified_gmt":"2025-01-23T12:16:19","slug":"interview-caroline-deiteren","status":"publish","type":"page","link":"https:\/\/www.futurebuildbelgium.be\/fr\/interview-caroline-deiteren\/","title":{"rendered":"Le secteur de la construction et de l&rsquo;immobilier doit s\u2019unir pour sortir de la crise &#8211; Interview avec Caroline Deiteren"},"content":{"rendered":"\t\t<div data-elementor-type=\"wp-page\" data-elementor-id=\"26636\" class=\"elementor elementor-26636 elementor-26569\" data-elementor-post-type=\"page\">\n\t\t\t\t<div class=\"elementor-element elementor-element-782b949 e-flex e-con-boxed e-con e-parent\" data-id=\"782b949\" data-element_type=\"container\">\n\t\t\t\t\t<div class=\"e-con-inner\">\n\t\t\t\t<div class=\"elementor-element elementor-element-b44a6cc elementor-widget elementor-widget-heading\" data-id=\"b44a6cc\" data-element_type=\"widget\" data-widget_type=\"heading.default\">\n\t\t\t\t<div class=\"elementor-widget-container\">\n\t\t\t\t\t<h1 class=\"elementor-heading-title elementor-size-default\">'Le secteur de la construction et de l'immobilier doit s\u2019unir pour sortir de la crise'<\/h1>\t\t\t\t<\/div>\n\t\t\t\t<\/div>\n\t\t\t\t<div class=\"elementor-element elementor-element-148b088 elementor-widget elementor-widget-text-editor\" data-id=\"148b088\" data-element_type=\"widget\" data-widget_type=\"text-editor.default\">\n\t\t\t\t<div class=\"elementor-widget-container\">\n\t\t\t\t\t\t\t\t\t<p><strong>Le secteur de la construction et de l&rsquo;immobilier traverse une p\u00e9riode difficile, et une am\u00e9lioration rapide n&rsquo;est pas en vue. L&rsquo;activit\u00e9 ralentit, alors m\u00eame qu&rsquo;il existe de nombreux d\u00e9fis soci\u00e9taux n\u00e9cessitant de construire, r\u00e9nover, d\u00e9molir et reconstruire. L&rsquo;importance et le potentiel du secteur de la construction sont aujourd&rsquo;hui largement sous-estim\u00e9s, bien que l&rsquo;industrie manufacturi\u00e8re fasse l&rsquo;objet de pr\u00e9occupations l\u00e9gitimes. Tout le monde a int\u00e9r\u00eat \u00e0 miser sur l&rsquo;innovation dans la construction pour g\u00e9n\u00e9rer une croissance suppl\u00e9mentaire. Les pouvoirs publics, le secteur de la construction et celui de l&rsquo;immobilier doivent collaborer pour relever ces d\u00e9fis.<\/strong><\/p>\n\t\t\t\t\t\t\t\t<\/div>\n\t\t\t\t<\/div>\n\t\t\t\t\t<\/div>\n\t\t\t\t<\/div>\n\t\t<div class=\"elementor-element elementor-element-2705210 e-flex e-con-boxed e-con e-parent\" data-id=\"2705210\" data-element_type=\"container\">\n\t\t\t\t\t<div class=\"e-con-inner\">\n\t\t<div class=\"elementor-element elementor-element-69cbed7 e-con-full e-flex e-con e-child\" data-id=\"69cbed7\" data-element_type=\"container\">\n\t\t\t\t<div class=\"elementor-element elementor-element-9f40ab9 elementor-widget elementor-widget-image\" data-id=\"9f40ab9\" data-element_type=\"widget\" data-widget_type=\"image.default\">\n\t\t\t\t<div class=\"elementor-widget-container\">\n\t\t\t\t\t\t\t\t\t\t\t\t\t\t\t<img fetchpriority=\"high\" decoding=\"async\" width=\"800\" height=\"1000\" src=\"https:\/\/easyfairsassets.com\/sites\/314\/2025\/01\/FB25_Website_Quote-Caroline_NL-819x1024.jpg\" class=\"attachment-large size-large wp-image-26606\" alt=\"Quote Caroline Deiteren\" srcset=\"https:\/\/easyfairsassets.com\/sites\/314\/2025\/01\/FB25_Website_Quote-Caroline_NL-819x1024.jpg 819w, https:\/\/easyfairsassets.com\/sites\/314\/2025\/01\/FB25_Website_Quote-Caroline_NL-240x300.jpg 240w, https:\/\/easyfairsassets.com\/sites\/314\/2025\/01\/FB25_Website_Quote-Caroline_NL-768x960.jpg 768w, https:\/\/easyfairsassets.com\/sites\/314\/2025\/01\/FB25_Website_Quote-Caroline_NL.jpg 960w\" sizes=\"(max-width: 800px) 100vw, 800px\" \/>\t\t\t\t\t\t\t\t\t\t\t\t\t\t\t<\/div>\n\t\t\t\t<\/div>\n\t\t\t\t<\/div>\n\t\t<div class=\"elementor-element elementor-element-86db379 e-con-full e-flex e-con e-child\" data-id=\"86db379\" data-element_type=\"container\">\n\t\t\t\t<div class=\"elementor-element elementor-element-b8de8cb elementor-widget elementor-widget-text-editor\" data-id=\"b8de8cb\" data-element_type=\"widget\" data-widget_type=\"text-editor.default\">\n\t\t\t\t<div class=\"elementor-widget-container\">\n\t\t\t\t\t\t\t\t\t<h3><strong>INTERVIEW avec Caroline Deiteren<\/strong><\/h3>\n<p>Directeur-G\u00e9n\u00e9ral Embuild Vlaanderen<\/p>\n<p><strong>Comment \u00e9valuez-vous le march\u00e9 de la construction en 2024 ?<\/strong><br \/>\nL&rsquo;ann\u00e9e a offert peu de points positifs pour le secteur de la construction. Apr\u00e8s une croissance nulle en 2022 et 2023, l&rsquo;activit\u00e9 a recul\u00e9 de 0,4 %, contrairement aux \u00e9conomies belge et flamande dans leur ensemble, qui ont connu une croissance. Le march\u00e9 du logement traverse une grave crise. Alors qu&rsquo;il y a un besoin croissant de logements, le nombre de nouvelles constructions a diminu\u00e9 pour la troisi\u00e8me ann\u00e9e cons\u00e9cutive. La baisse de l&rsquo;ann\u00e9e \u00e9coul\u00e9e (-7,4 %) a \u00e9t\u00e9 la plus importante depuis 2021. Pourtant, tous les experts, tant en Belgique qu&rsquo;\u00e0 l&rsquo;\u00e9tranger, s&rsquo;accordent \u00e0 dire qu&rsquo;il est n\u00e9cessaire de construire davantage pour ne pas accentuer la pression sur l&rsquo;accessibilit\u00e9 financi\u00e8re des logements. En parall\u00e8le, les r\u00e9novations stagnent, alors qu&rsquo;elles devraient au moins tripler pour atteindre les objectifs climatiques.<\/p>\n\t\t\t\t\t\t\t\t<\/div>\n\t\t\t\t<\/div>\n\t\t\t\t<\/div>\n\t\t\t\t\t<\/div>\n\t\t\t\t<\/div>\n\t\t<div class=\"elementor-element elementor-element-3df8fa3 e-flex e-con-boxed e-con e-parent\" data-id=\"3df8fa3\" data-element_type=\"container\">\n\t\t\t\t\t<div class=\"e-con-inner\">\n\t\t\t\t<div class=\"elementor-element elementor-element-e89f49e elementor-widget elementor-widget-text-editor\" data-id=\"e89f49e\" data-element_type=\"widget\" data-widget_type=\"text-editor.default\">\n\t\t\t\t<div class=\"elementor-widget-container\">\n\t\t\t\t\t\t\t\t\t<p><strong>Attendez-vous une am\u00e9lioration rapide ?<\/strong><\/p>\n<p>Peu de personnes sont optimistes \u00e0 court terme pour l&rsquo;ensemble du secteur. Pour la construction neuve, un faible redressement est attendu en 2026 ou 2027. Une forte diminution des co\u00fbts de construction, en particulier des co\u00fbts salariaux, est improbable. Les taux hypoth\u00e9caires ont l\u00e9g\u00e8rement baiss\u00e9, mais cette tendance ne semble pas se confirmer, contrairement \u00e0 ce que certains esp\u00e9raient.<br \/>\nLes pr\u00e9visions pessimistes reposent sur des indicateurs solides. Les demandes de permis, par exemple, constituent un barom\u00e8tre important. Au troisi\u00e8me trimestre de 2024, seulement 11 243 demandes ont \u00e9t\u00e9 enregistr\u00e9es, contre 25 427 en 2019. Par ailleurs, il faut environ 90 jours pour qu\u2019un permis soit approuv\u00e9 (sans compter les recours et proc\u00e9dures pr\u00e9alables). La construction d\u00e9bute g\u00e9n\u00e9ralement dans les deux ans suivant l\u2019obtention du permis. Environ 70 % des demandes sont approuv\u00e9es, mais toutes ne donnent pas lieu \u00e0 des travaux, en raison de recours prolong\u00e9s ou de probl\u00e8mes de financement.<\/p>\n<p><strong>Les perspectives sont-elles meilleures pour le reste du secteur ?<\/strong><\/p>\n<p>Le nombre de demandes pour des projets de r\u00e9novation, de r\u00e9utilisation ou de d\u00e9molition a augment\u00e9 entre 2018 et 2022, mais il s&rsquo;est stabilis\u00e9 au cours des deux derni\u00e8res ann\u00e9es. Une forte impulsion de ce segment du march\u00e9 semble peu probable. L&rsquo;ann\u00e9e 2025 sera \u00e9galement plus difficile pour les infrastructures. Durant la premi\u00e8re ann\u00e9e d&rsquo;une nouvelle l\u00e9gislature, moins de projets arrivent \u00e0 l&rsquo;\u00e9tape d&rsquo;ex\u00e9cution. De plus, de nombreuses entreprises reportent leurs projets en raison des tensions g\u00e9opolitiques et des incertitudes politiques et \u00e9conomiques, tant dans les pays voisins qu&rsquo;en Belgique.<\/p>\n<p><strong>L\u2019\u00e9conomie belge se porte-t-elle mieux que celle des pays voisins ?<\/strong><br \/>\nCela ne s&rsquo;applique pas au secteur de la construction. Au contraire. Les probl\u00e8mes, comme ceux li\u00e9s aux permis, peuvent s&rsquo;\u00e9terniser. Le gouvernement flamand a mis en place une commission d&rsquo;experts, soutenue par Embuild Vlaanderen, pour aborder ces questions. Nous fournirons notre contribution, mais les solutions ne seront pas imm\u00e9diates. De plus, une partie des obstacles r\u00e9side dans une multitude de r\u00e8glements locaux et de divergences de visions, ce qui n\u00e9cessitera des ann\u00e9es pour \u00eatre clarifi\u00e9.<\/p>\n<p>En mati\u00e8re de r\u00e9novation, les initiatives politiques restent insuffisantes. Par exemple, le transfert de la taxe sur l&rsquo;\u00e9lectricit\u00e9 vers le gaz pourrait stimuler le secteur, mais les d\u00e9tails et le calendrier restent flous. Le nouvel accord de coalition flamand contient \u00e9galement des mesures difficiles : la prime \u00ab Mijn VerbouwPremie \u00bb sera r\u00e9duite, le taux r\u00e9duit des droits d\u2019enregistrement pour une r\u00e9novation \u00e9nerg\u00e9tique en profondeur a \u00e9t\u00e9 supprim\u00e9, et l&rsquo;obligation de r\u00e9novation pour atteindre le label D a \u00e9t\u00e9 gel\u00e9e, avec un d\u00e9lai prolong\u00e9 d\u2019un an pour les acheteurs.<\/p>\n<p><strong>Cela ne semble pas tr\u00e8s encourageant\u2026<\/strong><\/p>\n<p>Nous nous tournons vers le gouvernement flamand, qui d\u00e9tient la plupart des comp\u00e9tences dans ce domaine. Le temps presse. Jusqu\u2019en 2023, les faillites \u00e9taient relativement moins fr\u00e9quentes dans les entreprises de construction en Flandre qu\u2019\u00e0 Bruxelles ou en Wallonie. Ce n\u2019est plus le cas. De m\u00eame, avant 2019, les taux de survie des nouvelles entreprises \u00e9taient plus \u00e9lev\u00e9s en Flandre. Cela aussi a chang\u00e9.<\/p>\n<p>Cependant, je reste optimiste \u00e0 long terme pour le secteur. La demande en logements et infrastructures continuera d\u2019augmenter. Les d\u00e9cideurs flamands sont conscients que plusieurs solutions sont n\u00e9cessaires pour sortir de la crise et rendre le logement plus abordable en Flandre.<\/p>\n<p><strong>Quelles sont pour vous les priorit\u00e9s pour donner un coup de pouce au secteur ?<\/strong><\/p>\n<p>Tout en haut de la liste figurent les proc\u00e9dures de permis. Elles doivent \u00eatre simplifi\u00e9es et raccourcies. La transition dans le secteur de la construction ? Nous sommes pr\u00eats \u00e0 y adh\u00e9rer, mais en tant que r\u00e9gulateur, mettez davantage l&rsquo;accent sur ce qui est possible, et non sur une liste interminable de restrictions. Il y a trop de r\u00e9glementation au niveau des rues ou des quartiers, trop de d\u00e9tails. Nous sommes \u00e9galement favorables \u00e0 collaborer avec le gouvernement pour d\u00e9velopper le \u00ab\u00a0digital permitting\u00a0\u00bb. Cela permettrait de gagner beaucoup de temps et d&rsquo;argent pour tout le monde si une personne qui soumet une demande de permis de construire pouvait, d&rsquo;un simple clic, voir imm\u00e9diatement l&rsquo;impact d&rsquo;une modification de sa demande sur les chances d&rsquo;obtenir le permis.<\/p>\n<p><strong>Y a-t-il du m\u00e9contentement dans le secteur de la construction concernant la fiscalit\u00e9 li\u00e9e \u00e0 la construction et \u00e0 l&rsquo;immobilier ?<\/strong><\/p>\n<p>Les r\u00e8gles fiscales doivent \u00eatre logiques, simples et ne pas fausser la concurrence. Ce n&rsquo;est pas toujours le cas. Pour une premi\u00e8re et unique habitation, les droits d&rsquo;enregistrement passent de 3 % \u00e0 2 %. Mais ceux qui ach\u00e8tent un terrain \u00e0 b\u00e2tir doivent toujours payer 12 % de droits d&rsquo;enregistrement, et g\u00e9n\u00e9ralement encore 21 % pour la construction. De telles situations conduisent \u00e0 r\u00e9nover des maisons qui, logiquement, devraient simplement \u00eatre d\u00e9molies. Parall\u00e8lement, nous voyons trop peu de signaux indiquant qu&rsquo;une r\u00e9novation est utile et n\u00e9cessaire. L&rsquo;obligation de r\u00e9novation a suscit\u00e9 beaucoup de d\u00e9bats, comme si elle allait ruiner les acheteurs, alors que c&rsquo;est le contraire qui se produit. Le prix des logements \u00e9nergivores avec un label \u00e9nerg\u00e9tique F est aujourd&rsquo;hui inf\u00e9rieur de 145 000 \u20ac \u00e0 celui des logements \u00e9conomes en \u00e9nergie avec un label A (source : Fednot). C&rsquo;est encore une preuve que l&rsquo;obligation de r\u00e9novation est une mesure utile qui permet aux acheteurs d&rsquo;un logement \u00e9nergivore de conserver un budget pour effectuer les travaux n\u00e9cessaires. L&rsquo;obligation de r\u00e9novation est ainsi devenue une incitation financi\u00e8re \u00e0 la r\u00e9novation.<\/p>\n<p><strong>Quelles innovations technologiques auront, selon vous, le plus grand impact sur l&rsquo;ensemble du secteur dans les ann\u00e9es \u00e0 venir ?<\/strong><\/p>\n<ol>\n<li>La construction modulaire va cr\u00e9er de nombreuses nouvelles opportunit\u00e9s. De plus en plus d&rsquo;entreprises s&rsquo;y investissent r\u00e9ellement. Les am\u00e9liorations de productivit\u00e9 que cela permet sont \u00e9normes.<\/li>\n<li>La num\u00e9risation. Le secteur de la construction en Flandre est d\u00e9j\u00e0 en t\u00eate dans l&rsquo;UE en termes de productivit\u00e9 du travail et de num\u00e9risation. L&rsquo;ambition d&rsquo;Embuild est de continuer \u00e0 progresser dans ce domaine et d&#8217;embarquer tout le secteur, y compris les petites entreprises. Une approche progressive est tout \u00e0 fait acceptable. Avec des investissements relativement modestes dans des cam\u00e9ras et des drones, on peut d\u00e9j\u00e0 obtenir des r\u00e9sultats spectaculaires. Le BIM n&rsquo;a pas besoin d&rsquo;\u00eatre mis en \u0153uvre de A \u00e0 Z imm\u00e9diatement, mais une connexion partielle avec ce que font les entrepreneurs principaux ou les fournisseurs dans ce domaine est d\u00e9j\u00e0 tr\u00e8s pr\u00e9cieuse. La professionnalisation et l&rsquo;harmonisation des syst\u00e8mes sont essentielles. Nous devons donc abandonner la mentalit\u00e9 cloisonn\u00e9e, ce qui doit \u00e9galement conduire \u00e0 un meilleur contr\u00f4le des co\u00fbts.<\/li>\n<li>La construction circulaire. Nous attendons \u00e9galement des progr\u00e8s dans ce domaine, notamment parce que les banques et les grandes entreprises exigent d\u00e9sormais des rapports plus d\u00e9taill\u00e9s \u00e0 ce sujet pour toute la cha\u00eene. Il reste encore beaucoup de travail \u00e0 faire pour perfectionner les mod\u00e8les \u00e9conomiques, mais il n&rsquo;y a pas de retour en arri\u00e8re possible.<\/li>\n<\/ol>\n<p><strong><br \/>\nVous \u00eates en poste depuis six mois en tant que directrice g\u00e9n\u00e9rale d&rsquo;Embuild Vlaanderen. Qu&rsquo;est-ce qui vous a positivement surprise ?<\/strong><\/p>\n<p>Je suis agr\u00e9ablement surprise de voir combien de membres travaillent dur et s&rsquo;investissent dans le domaine de la durabilit\u00e9 et de l&rsquo;innovation. C&rsquo;est incroyable de voir toutes les id\u00e9es que les entreprises de construction proposent et comment elles investissent pour les transformer en r\u00e9sultats concrets. Est-ce que l&rsquo;on exag\u00e8re avec l&rsquo;ESG en Europe et chez nous ? En ce qui concerne les rapports, on peut se demander si cela est toujours efficace. Cependant, je constate que beaucoup d&rsquo;entreprises n&rsquo;ont pas besoin de la pression des autorit\u00e9s pour s&rsquo;engager pleinement dans la durabilit\u00e9. Elles comprennent qu&rsquo;il y a aussi un avantage comp\u00e9titif. Personne ne veut \u00eatre en retard par rapport \u00e0 ce que font ou planifient leurs concurrents nationaux et internationaux. Cela finit par co\u00fbter cher. Nous devons donc nous assurer de suivre le rythme et, si possible, de prendre de l&rsquo;avance. C&rsquo;est une n\u00e9cessit\u00e9 \u00e9conomique. Regardez ce qui s&rsquo;est pass\u00e9 avec les voitures \u00e9lectriques et comment les constructeurs automobiles europ\u00e9ens se sont fait d\u00e9passer. Nous ne pouvons pas permettre qu&rsquo;un tel sc\u00e9nario se reproduise dans notre secteur. Les bonnes priorit\u00e9s doivent \u00eatre d\u00e9finies. Plus de projets concrets, moins d&rsquo;accent sur des rapports trop d\u00e9taill\u00e9s.<\/p>\n\t\t\t\t\t\t\t\t<\/div>\n\t\t\t\t<\/div>\n\t\t\t\t\t<\/div>\n\t\t\t\t<\/div>\n\t\t\t\t<\/div>\n\t\t","protected":false},"excerpt":{"rendered":"<p class=\"MsoNormal\"><span lang=\"NL-BE\">Le secteur de la construction et de l&rsquo;immobilier traverse une p\u00e9riode difficile, et une am\u00e9lioration rapide n&rsquo;est pas en vue. L&rsquo;activit\u00e9 ralentit, alors m\u00eame qu&rsquo;il existe de nombreux d\u00e9fis soci\u00e9taux n\u00e9cessitant de construire, r\u00e9nover, d\u00e9molir et reconstruire. L&rsquo;importance et le potentiel du secteur de la construction sont aujourd&rsquo;hui largement sous-estim\u00e9s, bien que l&rsquo;industrie manufacturi\u00e8re fasse l&rsquo;objet de pr\u00e9occupations l\u00e9gitimes. Tout le monde a int\u00e9r\u00eat \u00e0 miser sur l&rsquo;innovation dans la construction pour g\u00e9n\u00e9rer une croissance suppl\u00e9mentaire. Les pouvoirs publics, le secteur de la construction et celui de l&rsquo;immobilier doivent collaborer pour relever ces d\u00e9fis.<\/span><\/p>\n","protected":false},"author":949,"featured_media":26612,"parent":0,"menu_order":0,"comment_status":"closed","ping_status":"closed","template":"","meta":{"_seopress_robots_primary_cat":"","_seopress_titles_title":"Interview avec Caroline Deiteren sur l'avenir du secteur de la construction","_seopress_titles_desc":"Le secteur de la construction et de l'immobilier doit s\u2019unir pour sortir de la crise - Interview avec Caroline Deiteren en pr\u00e9lude \u00e0 Futurebuild Belgium.","_seopress_robots_index":"","footnotes":""},"class_list":["post-26636","page","type-page","status-publish","has-post-thumbnail","hentry"],"_links":{"self":[{"href":"https:\/\/www.futurebuildbelgium.be\/fr\/wp-json\/wp\/v2\/pages\/26636","targetHints":{"allow":["GET"]}}],"collection":[{"href":"https:\/\/www.futurebuildbelgium.be\/fr\/wp-json\/wp\/v2\/pages"}],"about":[{"href":"https:\/\/www.futurebuildbelgium.be\/fr\/wp-json\/wp\/v2\/types\/page"}],"author":[{"embeddable":true,"href":"https:\/\/www.futurebuildbelgium.be\/fr\/wp-json\/wp\/v2\/users\/949"}],"replies":[{"embeddable":true,"href":"https:\/\/www.futurebuildbelgium.be\/fr\/wp-json\/wp\/v2\/comments?post=26636"}],"version-history":[{"count":5,"href":"https:\/\/www.futurebuildbelgium.be\/fr\/wp-json\/wp\/v2\/pages\/26636\/revisions"}],"predecessor-version":[{"id":26729,"href":"https:\/\/www.futurebuildbelgium.be\/fr\/wp-json\/wp\/v2\/pages\/26636\/revisions\/26729"}],"wp:featuredmedia":[{"embeddable":true,"href":"https:\/\/www.futurebuildbelgium.be\/fr\/wp-json\/wp\/v2\/media\/26612"}],"wp:attachment":[{"href":"https:\/\/www.futurebuildbelgium.be\/fr\/wp-json\/wp\/v2\/media?parent=26636"}],"curies":[{"name":"wp","href":"https:\/\/api.w.org\/{rel}","templated":true}]}}