{"id":24106,"date":"2025-01-15T12:46:33","date_gmt":"2025-01-15T11:46:33","guid":{"rendered":"https:\/\/www.futurebuildbelgium.be\/le-fondateur-de-revive-nicolas-bearelle-sur-la-construction-durable\/"},"modified":"2025-01-17T08:38:28","modified_gmt":"2025-01-17T07:38:28","slug":"le-fondateur-de-revive-nicolas-bearelle-sur-la-construction-durable","status":"publish","type":"page","link":"https:\/\/www.futurebuildbelgium.be\/fr\/le-fondateur-de-revive-nicolas-bearelle-sur-la-construction-durable\/","title":{"rendered":"Le fondateur de Revive, Nicolas Bearelle, sur la construction durable"},"content":{"rendered":"\t\t<div data-elementor-type=\"wp-page\" data-elementor-id=\"24106\" class=\"elementor elementor-24106 elementor-22850\" data-elementor-post-type=\"page\">\n\t\t\t\t<div class=\"elementor-element elementor-element-782b949 e-flex e-con-boxed e-con e-parent\" data-id=\"782b949\" data-element_type=\"container\">\n\t\t\t\t\t<div class=\"e-con-inner\">\n\t\t\t\t<div class=\"elementor-element elementor-element-b44a6cc elementor-widget elementor-widget-heading\" data-id=\"b44a6cc\" data-element_type=\"widget\" data-widget_type=\"heading.default\">\n\t\t\t\t<div class=\"elementor-widget-container\">\n\t\t\t\t\t<h1 class=\"elementor-heading-title elementor-size-default\">Le fondateur de Revive, Nicolas Bearelle, sur la construction durable<\/h1>\t\t\t\t<\/div>\n\t\t\t\t<\/div>\n\t\t\t\t<div class=\"elementor-element elementor-element-148b088 elementor-widget elementor-widget-text-editor\" data-id=\"148b088\" data-element_type=\"widget\" data-widget_type=\"text-editor.default\">\n\t\t\t\t<div class=\"elementor-widget-container\">\n\t\t\t\t\t\t\t\t\t<p><strong>\u00ab La durabilit\u00e9 n\u2019a vraiment pas besoin d\u2019\u00eatre plus ch\u00e8re que les mod\u00e8les classiques. L\u2019innovation et la technologie peuvent aider le secteur immobilier \u2013 et donc aussi le consommateur \u2013 \u00e0 r\u00e9duire les co\u00fbts \u00bb, explique Nicolas Bearelle, fondateur du promoteur immobilier Revive. \u00c0 l\u2019approche de Futurebuild Belgium, nous avons rencontr\u00e9 l\u2019un des pionniers absolus de la durabilit\u00e9 dans le secteur. Et Revive innovait d\u00e9j\u00e0 il y a quinze ans, \u00e0 une \u00e9poque o\u00f9 le terme \u00ab durabilit\u00e9 \u00bb \u00e9tait encore \u00e0 peine connu. Bearelle montre comment le secteur peut v\u00e9ritablement faire une diff\u00e9rence durable, m\u00eame en p\u00e9riode difficile.<\/strong><\/p>\n\t\t\t\t\t\t\t\t<\/div>\n\t\t\t\t<\/div>\n\t\t\t\t\t<\/div>\n\t\t\t\t<\/div>\n\t\t<div class=\"elementor-element elementor-element-2705210 e-flex e-con-boxed e-con e-parent\" data-id=\"2705210\" data-element_type=\"container\">\n\t\t\t\t\t<div class=\"e-con-inner\">\n\t\t<div class=\"elementor-element elementor-element-69cbed7 e-con-full e-flex e-con e-child\" data-id=\"69cbed7\" data-element_type=\"container\">\n\t\t\t\t<div class=\"elementor-element elementor-element-9f40ab9 elementor-widget elementor-widget-image\" data-id=\"9f40ab9\" data-element_type=\"widget\" data-widget_type=\"image.default\">\n\t\t\t\t<div class=\"elementor-widget-container\">\n\t\t\t\t\t\t\t\t\t\t\t\t\t\t\t<img fetchpriority=\"high\" decoding=\"async\" width=\"800\" height=\"1000\" src=\"https:\/\/easyfairsassets.com\/sites\/314\/2025\/01\/FB25_Website_Quote_FR-819x1024.png\" class=\"attachment-large size-large wp-image-24182\" alt=\"Nicolas Bearelle - Quote\" srcset=\"https:\/\/easyfairsassets.com\/sites\/314\/2025\/01\/FB25_Website_Quote_FR-819x1024.png 819w, https:\/\/easyfairsassets.com\/sites\/314\/2025\/01\/FB25_Website_Quote_FR-240x300.png 240w, https:\/\/easyfairsassets.com\/sites\/314\/2025\/01\/FB25_Website_Quote_FR-768x960.png 768w, https:\/\/easyfairsassets.com\/sites\/314\/2025\/01\/FB25_Website_Quote_FR.png 960w\" sizes=\"(max-width: 800px) 100vw, 800px\" \/>\t\t\t\t\t\t\t\t\t\t\t\t\t\t\t<\/div>\n\t\t\t\t<\/div>\n\t\t\t\t<\/div>\n\t\t<div class=\"elementor-element elementor-element-86db379 e-con-full e-flex e-con e-child\" data-id=\"86db379\" data-element_type=\"container\">\n\t\t\t\t<div class=\"elementor-element elementor-element-b8de8cb elementor-widget elementor-widget-text-editor\" data-id=\"b8de8cb\" data-element_type=\"widget\" data-widget_type=\"text-editor.default\">\n\t\t\t\t<div class=\"elementor-widget-container\">\n\t\t\t\t\t\t\t\t\t<h3><strong>Pas un simple exercice de cases \u00e0 cocher<\/strong><\/h3><p>Pour Nicolas Bearelle, la durabilit\u00e9 est bien plus qu\u2019un mot \u00e0 la mode, commence-t-il \u00e0 expliquer. \u00ab Revive aime pratiquer l\u2019\u2018impact investing\u2019, o\u00f9 l\u2019intention et la valeur ajout\u00e9e sont centrales \u00bb, d\u00e9clare Nicolas Bearelle. \u00ab La durabilit\u00e9 ne doit pas \u00eatre un simple exercice de cases \u00e0 cocher. Elle doit \u00eatre intentionnelle. De plus, tout ce que nous faisons doit aller au-del\u00e0 des exigences l\u00e9gales. Prenez la r\u00e9cup\u00e9ration de l\u2019eau de pluie, par exemple. Si c\u2019est obligatoire, nous ne consid\u00e9rons pas cela comme ayant un impact. \u00bb<\/p><p>Le mod\u00e8le IRIS utilis\u00e9 par Revive repose sur une approche int\u00e9gr\u00e9e, bas\u00e9e sur des principes et directives internationaux tels que ceux du Global Impact Investing Network (GIIN). L\u2019accent est notamment mis sur le \u00ab carbone incorpor\u00e9 \u00bb, c\u2019est-\u00e0-dire les \u00e9missions de CO2 des b\u00e2timents tout au long de leur cycle de vie, y compris les mat\u00e9riaux, le transport et la construction. L\u2019objectif est une r\u00e9duction de 30 % de la production de construction d\u2019ici 2030.<\/p><p>\u00ab Aujourd\u2019hui, pour les nouvelles constructions, nous sommes \u00e0 environ 550 kg de CO2 par m\u00e8tre carr\u00e9. Chez Revive, nous voulons atteindre 300 kg de CO2 par m\u00e8tre carr\u00e9 \u00bb, insiste Bearelle. Pour cela, Revive exp\u00e9rimente notamment des mat\u00e9riaux biosourc\u00e9s.<\/p>\t\t\t\t\t\t\t\t<\/div>\n\t\t\t\t<\/div>\n\t\t\t\t<\/div>\n\t\t\t\t\t<\/div>\n\t\t\t\t<\/div>\n\t\t<div class=\"elementor-element elementor-element-3df8fa3 e-flex e-con-boxed e-con e-parent\" data-id=\"3df8fa3\" data-element_type=\"container\">\n\t\t\t\t\t<div class=\"e-con-inner\">\n\t\t\t\t<div class=\"elementor-element elementor-element-e89f49e elementor-widget elementor-widget-text-editor\" data-id=\"e89f49e\" data-element_type=\"widget\" data-widget_type=\"text-editor.default\">\n\t\t\t\t<div class=\"elementor-widget-container\">\n\t\t\t\t\t\t\t\t\t<h3><strong>R\u00e9duire les co\u00fbts et \u00e9viter les inefficacit\u00e9s<\/strong><\/h3><p>Une critique fr\u00e9quente de la construction durable est son co\u00fbt pr\u00e9tendument plus \u00e9lev\u00e9. Bearelle n\u2019est pas d\u2019accord : \u00ab La durabilit\u00e9 n\u2019a pas besoin d\u2019\u00eatre plus co\u00fbteuse. L\u2019innovation et la technologie nous aident \u00e0 r\u00e9duire les co\u00fbts. En collaborant avec des architectes et des entrepreneurs d\u00e8s les premi\u00e8res \u00e9tapes, nous pouvons vraiment \u00e9viter les inefficacit\u00e9s et augmenter la valeur. C\u2019est pourquoi nous collaborons \u00e9galement avec des entreprises de proptech chez Revive, afin d\u2019utiliser de nouvelles techniques telles que la pr\u00e9fabrication et les m\u00e9thodes de construction modulaires, qui nous ont permis de r\u00e9duire les co\u00fbts de construction de 10 % dans certains cas. \u00bb<\/p><p>Le choix de la durabilit\u00e9 est \u00e9galement influenc\u00e9 par le consommateur. \u00ab Aujourd\u2019hui, aucun acheteur ne veut encore d\u2019une maison avec une chaudi\u00e8re \u00e0 gaz. Les gens sont devenus beaucoup plus conscients. Nous devons prendre leurs attentes au s\u00e9rieux \u00bb, souligne Bearelle. La confiance des consommateurs est essentielle pour le succ\u00e8s des innovations durables.<\/p><p>\u00a0<\/p><h3><strong>Perspectives d\u2019avenir<\/strong><\/h3><p>Bearelle plaide pour l\u2019autor\u00e9gulation et des normes qui rendent la durabilit\u00e9 transparente et \u00e9vitent le greenwashing. \u00ab Nous devons cr\u00e9er des r\u00e8gles du jeu \u00e9quitables pour que les projets qui ont un v\u00e9ritable impact se d\u00e9marquent \u00bb, dit-il. \u00ab Les normes europ\u00e9ennes pour les analyses du cycle de vie des b\u00e2timents peuvent aider, afin que des mat\u00e9riaux comme la construction en bois soient \u00e9valu\u00e9s de mani\u00e8re \u00e9quitable. \u00bb<\/p><p>\u00a0<\/p>\t\t\t\t\t\t\t\t<\/div>\n\t\t\t\t<\/div>\n\t\t\t\t\t<\/div>\n\t\t\t\t<\/div>\n\t\t\t\t<\/div>\n\t\t","protected":false},"excerpt":{"rendered":"<p>Selon Nicolas Bearelle, fondateur de Revive, la durabilit\u00e9 ne doit pas \u00eatre synonyme de co\u00fbts \u00e9lev\u00e9s. Au contraire.<\/p>\n<p>\u00c0 l\u2019approche de Futurebuild Belgium, nous avons rencontr\u00e9 l\u2019un des v\u00e9ritables pionniers du d\u00e9veloppement durable dans le secteur de la construction. D\u00e8s il y a 15 ans, lorsque le concept de \u00ab\u00a0durabilit\u00e9\u00a0\u00bb \u00e9tait encore m\u00e9connu, Bearelle a trac\u00e9 la voie. Aujourd\u2019hui, il partage ses r\u00e9flexions sur la mani\u00e8re dont le secteur peut continuer \u00e0 faire la diff\u00e9rence, m\u00eame en p\u00e9riode difficile.<\/p>\n","protected":false},"author":949,"featured_media":22859,"parent":0,"menu_order":0,"comment_status":"closed","ping_status":"closed","template":"","meta":{"_seopress_robots_primary_cat":"","_seopress_titles_title":"Le fondateur de Revive, Nicolas Bearelle, sur la construction durable","_seopress_titles_desc":"\u00ab La durabilit\u00e9 n\u2019a vraiment pas besoin d\u2019\u00eatre plus ch\u00e8re que les mod\u00e8les classiques. L\u2019innovation et la technologie peuvent aider le secteur immobilier \u2013 et donc aussi le consommateur \u2013 \u00e0 r\u00e9duire les co\u00fbts \u00bb, explique Nicolas Bearelle, fondateur du promoteur immobilier Revive. ","_seopress_robots_index":"","footnotes":""},"class_list":["post-24106","page","type-page","status-publish","has-post-thumbnail","hentry"],"_links":{"self":[{"href":"https:\/\/www.futurebuildbelgium.be\/fr\/wp-json\/wp\/v2\/pages\/24106","targetHints":{"allow":["GET"]}}],"collection":[{"href":"https:\/\/www.futurebuildbelgium.be\/fr\/wp-json\/wp\/v2\/pages"}],"about":[{"href":"https:\/\/www.futurebuildbelgium.be\/fr\/wp-json\/wp\/v2\/types\/page"}],"author":[{"embeddable":true,"href":"https:\/\/www.futurebuildbelgium.be\/fr\/wp-json\/wp\/v2\/users\/949"}],"replies":[{"embeddable":true,"href":"https:\/\/www.futurebuildbelgium.be\/fr\/wp-json\/wp\/v2\/comments?post=24106"}],"version-history":[{"count":5,"href":"https:\/\/www.futurebuildbelgium.be\/fr\/wp-json\/wp\/v2\/pages\/24106\/revisions"}],"predecessor-version":[{"id":24789,"href":"https:\/\/www.futurebuildbelgium.be\/fr\/wp-json\/wp\/v2\/pages\/24106\/revisions\/24789"}],"wp:featuredmedia":[{"embeddable":true,"href":"https:\/\/www.futurebuildbelgium.be\/fr\/wp-json\/wp\/v2\/media\/22859"}],"wp:attachment":[{"href":"https:\/\/www.futurebuildbelgium.be\/fr\/wp-json\/wp\/v2\/media?parent=24106"}],"curies":[{"name":"wp","href":"https:\/\/api.w.org\/{rel}","templated":true}]}}