{"id":2068,"date":"2024-03-21T14:20:21","date_gmt":"2024-03-21T13:20:21","guid":{"rendered":"https:\/\/www.futurebuildbelgium.be\/newsletter\/"},"modified":"2026-03-05T09:56:16","modified_gmt":"2026-03-05T08:56:16","slug":"newsletter","status":"publish","type":"page","link":"https:\/\/www.futurebuildbelgium.be\/fr\/newsletter\/","title":{"rendered":"Newsletter"},"content":{"rendered":"\t\t<div data-elementor-type=\"wp-page\" data-elementor-id=\"2068\" class=\"elementor elementor-2068 elementor-1931\" data-elementor-post-type=\"page\">\n\t\t\t\t<div class=\"elementor-element elementor-element-b82cf60 e-flex e-con-boxed e-con e-parent\" data-id=\"b82cf60\" data-element_type=\"container\" data-settings=\"{&quot;background_background&quot;:&quot;classic&quot;}\">\n\t\t\t\t\t<div class=\"e-con-inner\">\n\t\t<div class=\"elementor-element elementor-element-b8f1abb e-con-full e-flex e-con e-child\" data-id=\"b8f1abb\" data-element_type=\"container\">\n\t\t\t\t<div class=\"elementor-element elementor-element-929c520 elementor-widget elementor-widget-heading\" data-id=\"929c520\" data-element_type=\"widget\" data-widget_type=\"heading.default\">\n\t\t\t\t<div class=\"elementor-widget-container\">\n\t\t\t\t\t<h1 class=\"elementor-heading-title elementor-size-default\">Inscrivez-vous \u00e0 notre newsletter<\/h1>\t\t\t\t<\/div>\n\t\t\t\t<\/div>\n\t\t\t\t<\/div>\n\t\t<div class=\"elementor-element elementor-element-407d115 e-con-full elementor-hidden-mobile e-flex e-con e-child\" data-id=\"407d115\" data-element_type=\"container\">\n\t\t\t\t<\/div>\n\t\t<div class=\"elementor-element elementor-element-9255150 e-con-full block-header e-flex e-con e-child\" data-id=\"9255150\" data-element_type=\"container\" data-settings=\"{&quot;background_background&quot;:&quot;classic&quot;}\">\n\t\t\t\t<div class=\"elementor-element elementor-element-2665e75 elementor-widget elementor-widget-text-editor\" data-id=\"2665e75\" data-element_type=\"widget\" data-widget_type=\"text-editor.default\">\n\t\t\t\t<div class=\"elementor-widget-container\">\n\t\t\t\t\t\t\t\t\t<p>Souhaitez-vous contribuer \u00e0 construire un avenir durable, rester inform\u00e9 du programme de contenu, des nouveaux exposants et des derni\u00e8res tendances en mati\u00e8re de construction durable ? <strong>Inscrivez-vous d\u00e8s maintenant<\/strong><\/p>\n\t\t\t\t\t\t\t\t<\/div>\n\t\t\t\t<\/div>\n\t\t\t\t<\/div>\n\t\t\t\t\t<\/div>\n\t\t\t\t<\/div>\n\t\t<div class=\"elementor-element elementor-element-9f81714 e-flex e-con-boxed e-con e-parent\" data-id=\"9f81714\" data-element_type=\"container\" data-settings=\"{&quot;background_background&quot;:&quot;classic&quot;}\">\n\t\t\t\t\t<div class=\"e-con-inner\">\n\t\t\t\t<div class=\"elementor-element elementor-element-8fe1dc2 elementor-button-align-end elementor-widget elementor-widget-form\" data-id=\"8fe1dc2\" data-element_type=\"widget\" data-settings=\"{&quot;step_next_label&quot;:&quot;Next&quot;,&quot;step_previous_label&quot;:&quot;Previous&quot;,&quot;step_type&quot;:&quot;number_text&quot;,&quot;step_icon_shape&quot;:&quot;circle&quot;}\" data-widget_type=\"form.default\">\n\t\t\t\t<div class=\"elementor-widget-container\">\n\t\t\t\t\t\t\t<form class=\"elementor-form\" method=\"post\" name=\"Nieuwsbrief FUTBU\" aria-label=\"Nieuwsbrief FUTBU\">\n\t\t\t<input type=\"hidden\" name=\"post_id\" value=\"2068\"\/>\n\t\t\t<input type=\"hidden\" name=\"form_id\" value=\"8fe1dc2\"\/>\n\t\t\t<input type=\"hidden\" name=\"referer_title\" value=\"\" \/>\n\n\t\t\t\n\t\t\t<div class=\"elementor-form-fields-wrapper elementor-labels-above\">\n\t\t\t\t\t\t\t\t<div class=\"elementor-field-type-text elementor-field-group elementor-column elementor-field-group-First_name elementor-col-50\">\n\t\t\t\t\t\t\t\t\t\t\t\t<label for=\"form-field-First_name\" class=\"elementor-field-label\">\n\t\t\t\t\t\t\t\tPr\u00e9nom\t\t\t\t\t\t\t<\/label>\n\t\t\t\t\t\t\t\t\t\t\t\t\t\t<input size=\"1\" type=\"text\" name=\"form_fields[First_name]\" id=\"form-field-First_name\" class=\"elementor-field elementor-size-xs  elementor-field-textual\">\n\t\t\t\t\t\t\t\t\t\t\t<\/div>\n\t\t\t\t\t\t\t\t<div class=\"elementor-field-type-text elementor-field-group elementor-column elementor-field-group-Last_name elementor-col-50\">\n\t\t\t\t\t\t\t\t\t\t\t\t<label for=\"form-field-Last_name\" class=\"elementor-field-label\">\n\t\t\t\t\t\t\t\tNom\t\t\t\t\t\t\t<\/label>\n\t\t\t\t\t\t\t\t\t\t\t\t\t\t<input size=\"1\" type=\"text\" name=\"form_fields[Last_name]\" id=\"form-field-Last_name\" class=\"elementor-field elementor-size-xs  elementor-field-textual\">\n\t\t\t\t\t\t\t\t\t\t\t<\/div>\n\t\t\t\t\t\t\t\t<div class=\"elementor-field-type-email elementor-field-group elementor-column elementor-field-group-Email elementor-col-100 elementor-field-required elementor-mark-required\">\n\t\t\t\t\t\t\t\t\t\t\t\t<label for=\"form-field-Email\" class=\"elementor-field-label\">\n\t\t\t\t\t\t\t\tAdresse email\t\t\t\t\t\t\t<\/label>\n\t\t\t\t\t\t\t\t\t\t\t\t\t\t<input size=\"1\" type=\"email\" name=\"form_fields[Email]\" id=\"form-field-Email\" class=\"elementor-field elementor-size-xs  elementor-field-textual\" required=\"required\">\n\t\t\t\t\t\t\t\t\t\t\t<\/div>\n\t\t\t\t\t\t\t\t<div class=\"elementor-field-type-select elementor-field-group elementor-column elementor-field-group-Language elementor-col-50 elementor-field-required elementor-mark-required\">\n\t\t\t\t\t\t\t\t\t\t\t\t<label for=\"form-field-Language\" class=\"elementor-field-label\">\n\t\t\t\t\t\t\t\tLangue\t\t\t\t\t\t\t<\/label>\n\t\t\t\t\t\t\t\t<div class=\"elementor-field elementor-select-wrapper remove-before \">\n\t\t\t<div class=\"select-caret-down-wrapper\">\n\t\t\t\t<i aria-hidden=\"true\" class=\"eicon-caret-down\"><\/i>\t\t\t<\/div>\n\t\t\t<select name=\"form_fields[Language]\" id=\"form-field-Language\" class=\"elementor-field-textual elementor-size-xs\" required=\"required\">\n\t\t\t\t\t\t\t\t\t<option value=\"NL&lt;br&gt;FR\">NL<\/option>\n\t\t\t\t\t\t\t<\/select>\n\t\t<\/div>\n\t\t\t\t\t\t<\/div>\n\t\t\t\t\t\t\t\t<div class=\"elementor-field-type-select elementor-field-group elementor-column elementor-field-group-Gender elementor-col-50\">\n\t\t\t\t\t\t\t\t\t\t\t\t<label for=\"form-field-Gender\" class=\"elementor-field-label\">\n\t\t\t\t\t\t\t\tSexe\t\t\t\t\t\t\t<\/label>\n\t\t\t\t\t\t\t\t<div class=\"elementor-field elementor-select-wrapper remove-before \">\n\t\t\t<div class=\"select-caret-down-wrapper\">\n\t\t\t\t<i aria-hidden=\"true\" class=\"eicon-caret-down\"><\/i>\t\t\t<\/div>\n\t\t\t<select name=\"form_fields[Gender]\" id=\"form-field-Gender\" class=\"elementor-field-textual elementor-size-xs\">\n\t\t\t\t\t\t\t\t\t<option value=\"M&lt;br&gt;V\">M<\/option>\n\t\t\t\t\t\t\t<\/select>\n\t\t<\/div>\n\t\t\t\t\t\t<\/div>\n\t\t\t\t\t\t\t\t<div class=\"elementor-field-type-radio elementor-field-group elementor-column elementor-field-group-Newsletter_optin elementor-col-100 elementor-field-required elementor-mark-required\">\n\t\t\t\t\t<div class=\"elementor-field-subgroup  elementor-subgroup-inline\"><span class=\"elementor-field-option\"><input type=\"radio\" value=\"True\" id=\"form-field-Newsletter_optin-0\" name=\"form_fields[Newsletter_optin]\" required=\"required\"> <label for=\"form-field-Newsletter_optin-0\">J\u2019ai lu la <a href=\"https:\/\/www.easyfairs.com\/privacy-statement\/\" target=\"_blank\"> Politique de Confidentialit\u00e9 et je donne mon accord. Easyfairs s'engage \u00e0 prot\u00e9ger vos donn\u00e9es personnelles. Dans notre Politique de confidentialit\u00e9 nous expliquons clairement comment nous collectons, conservons et g\u00e9rons vos informations. En vous inscrivant \u00e0 cette newsletter, vous nous autorisez \u00e0 utiliser vos donn\u00e9es de contact \u00e9lectroniques afin de vous envoyer des e-mails pertinents pour vous informer au sujet de nos \u00e9v\u00e9nements et produits li\u00e9s.<\/label><\/span><\/div>\t\t\t\t<\/div>\n\t\t\t\t\t\t\t\t<div class=\"elementor-field-type-recaptcha elementor-field-group elementor-column elementor-field-group-captcha elementor-col-100\">\n\t\t\t\t\t<div class=\"elementor-field\" id=\"form-field-captcha\"><div class=\"elementor-g-recaptcha\" data-sitekey=\"6LcxX2kpAAAAALP-cDpUHwKL3X1JlSb9n2ssNc1x\" data-type=\"v2_checkbox\" data-theme=\"light\" data-size=\"normal\"><\/div><\/div>\t\t\t\t<\/div>\n\t\t\t\t\t\t\t\t<div class=\"elementor-field-group elementor-column elementor-field-type-submit elementor-col-100 e-form__buttons\">\n\t\t\t\t\t<button class=\"elementor-button elementor-size-sm\" type=\"submit\">\n\t\t\t\t\t\t<span class=\"elementor-button-content-wrapper\">\n\t\t\t\t\t\t\t\t\t\t\t\t\t\t\t<span class=\"elementor-button-icon\">\n\t\t\t\t\t\t\t\t\t<i aria-hidden=\"true\" class=\"fas fa-arrow-right\"><\/i>\t\t\t\t\t\t\t\t\t\t\t\t\t\t\t\t\t<\/span>\n\t\t\t\t\t\t\t\t\t\t\t\t\t\t\t\t\t\t\t\t\t\t<span class=\"elementor-button-text\">Inscrivez-vous<\/span>\n\t\t\t\t\t\t\t\t\t\t\t\t\t<\/span>\n\t\t\t\t\t<\/button>\n\t\t\t\t<\/div>\n\t\t\t<\/div>\n\t\t<\/form>\n\t\t\t\t\t\t<\/div>\n\t\t\t\t<\/div>\n\t\t\t\t\t<\/div>\n\t\t\t\t<\/div>\n\t\t\t\t<\/div>\n\t\t","protected":false},"excerpt":{"rendered":"<p>Inscrivez-vous \u00e0 notre newsletter Souhaitez-vous contribuer \u00e0 construire un avenir durable, rester inform\u00e9 du programme de contenu, des nouveaux exposants et des derni\u00e8res tendances en mati\u00e8re de construction durable ? Inscrivez-vous d\u00e8s maintenant<\/p>\n","protected":false},"author":1310,"featured_media":0,"parent":0,"menu_order":0,"comment_status":"closed","ping_status":"closed","template":"","meta":{"_seopress_robots_primary_cat":"","_seopress_titles_title":"Notre newsletter","_seopress_titles_desc":"et restez inform\u00e9 de nos actions, partenariats et programme.","_seopress_robots_index":"","footnotes":""},"class_list":["post-2068","page","type-page","status-publish","hentry"],"_links":{"self":[{"href":"https:\/\/www.futurebuildbelgium.be\/fr\/wp-json\/wp\/v2\/pages\/2068","targetHints":{"allow":["GET"]}}],"collection":[{"href":"https:\/\/www.futurebuildbelgium.be\/fr\/wp-json\/wp\/v2\/pages"}],"about":[{"href":"https:\/\/www.futurebuildbelgium.be\/fr\/wp-json\/wp\/v2\/types\/page"}],"author":[{"embeddable":true,"href":"https:\/\/www.futurebuildbelgium.be\/fr\/wp-json\/wp\/v2\/users\/1310"}],"replies":[{"embeddable":true,"href":"https:\/\/www.futurebuildbelgium.be\/fr\/wp-json\/wp\/v2\/comments?post=2068"}],"version-history":[{"count":5,"href":"https:\/\/www.futurebuildbelgium.be\/fr\/wp-json\/wp\/v2\/pages\/2068\/revisions"}],"predecessor-version":[{"id":58287,"href":"https:\/\/www.futurebuildbelgium.be\/fr\/wp-json\/wp\/v2\/pages\/2068\/revisions\/58287"}],"wp:attachment":[{"href":"https:\/\/www.futurebuildbelgium.be\/fr\/wp-json\/wp\/v2\/media?parent=2068"}],"curies":[{"name":"wp","href":"https:\/\/api.w.org\/{rel}","templated":true}]}}